{"id":3,"date":"2019-03-25T17:28:55","date_gmt":"2019-03-25T16:28:55","guid":{"rendered":"https:\/\/altos.dsgnbox.com\/?page_id=3"},"modified":"2023-03-15T14:40:23","modified_gmt":"2023-03-15T13:40:23","slug":"politica-privacidad","status":"publish","type":"page","link":"https:\/\/altosdetorona.com\/en\/politica-privacidad\/","title":{"rendered":"Privacy Policy"},"content":{"rendered":"<div class=\"vc_row wpb_row vc_row-fluid\"><div class=\"wpb_column vc_column_container vc_col-sm-12\"><div class=\"vc_column-inner\"><div class=\"wpb_wrapper\"><div class=\"vc_empty_space\"   style=\"height: 32px\"><span class=\"vc_empty_space_inner\"><\/span><\/div>\n\t<div class=\"wpb_text_column wpb_content_element\" >\n\t\t<div class=\"wpb_wrapper\">\n\t\t\t<h1>Privacy Policy<\/h1>\n\n\t\t<\/div>\n\t<\/div>\n<div class=\"vc_empty_space\"   style=\"height: 32px\"><span class=\"vc_empty_space_inner\"><\/span><\/div>\n\t<div class=\"wpb_text_column wpb_content_element\" >\n\t\t<div class=\"wpb_wrapper\">\n\t\t\t<p><strong>Privacy Policy<\/strong><\/p>\n<p><strong>BODEGAS ALTOS DE TORONA S.A.U.,<\/strong> collects, processes and stores personal information obtained through the website they own: www.altosdetorona.com<\/p>\n<p>Esta informaci\u00f3n ser\u00e1 relativa a los usuarios de la web. La informaci\u00f3n se recopilar\u00e1, tratar\u00e1 y almacenar\u00e1 conforme a la presente Pol\u00edtica de Privacidad, actualizada en <strong>marzo de 2023<\/strong><\/p>\n<p><strong>Legislation<\/strong><\/p>\n<ul>\n<li>GDPR (Regulation (EU 2016\/679 of the Europe and Parliament and the Council of 27 April 2016 on the protection of natural persons)<\/li>\n<li>Basic Law 3\/2018, of 5 December, on Protection of Personal Data and guarantee of digital rights.<\/li>\n<li>LSSI (Law 34\/2002, of 11 July, on Information Society Services and E-commerce)<\/li>\n<\/ul>\n<p><strong>Titular de la Web<\/strong><\/p>\n<ul>\n<li>Commercial name: BODEGAS ALTOS DE TORONA<\/li>\n<li>Denominaci\u00f3n social: BODEGAS ALTOS DE TORONA, S.A.U.<\/li>\n<li>Fiscal ID: A36.373.058<\/li>\n<li>Address: Carretera de Tui a la Guardia KM 55.5 AS EIRAS, O ROSAL 36760 Pontevedra (Spain)<\/li>\n<li>Contact E-mail: info@altosdetorona.com<\/li>\n<\/ul>\n<p><strong>Corresponsabilidad del Tratamiento<\/strong><\/p>\n<p><strong>BODEGAS ALTOS DE TORONA S.A.U. <\/strong>con CIF A36373058 es corresponsable del tratamiento de los datos recopilados a trav\u00e9s de esta web. BODEGAS ALTOS DE TORONA S.A.U. Cuando varias entidades, como es el caso de los grupos empresariales, de manera conjunta deciden sobre el contenido, uso y finalidad del tratamiento de datos, desde la perspectiva de la Normativa de Protecci\u00f3n de Datos, se convierten en corresponsables del tratamiento.<strong> BODEGAS ALTOS DE TORONA S.A.U., forma parte del grupo empresarial denominado \u201cGrupo HOGOMAR\u201d. <\/strong>Un grupo empresarial es un conjunto de varias sociedades que, aunque son independientes, tienen una misma direcci\u00f3n y control. Lo m\u00e1s habitual es que esa direcci\u00f3n est\u00e9 en manos de una empresa, la empresa dominante o matriz, que ejerce el control sobre las dem\u00e1s, en este caso la empresa matriz es HOGOMAR S.L con CIF B36376150 y con domicilio social en Carretera de Puxeiros a Peinador N 59, 36.416 Mos (PONTEVEDRA). A continuaci\u00f3n presentamos las empresas que forman parte del denominado <strong>Grupo HOGOMAR<\/strong> y que act\u00faan como corresponsables del tratamiento de los datos que se recopilan a trav\u00e9s de esta web:<\/p>\n<ul>\n<li>HOGOMAR S.L con CIF B36376150<\/li>\n<li>BODEGAS ALTOS DE TORONA, S.A.U. con CIF A36373058<\/li>\n<li>HGA BODEGAS Y VI\u00d1EDOS DE ALTURA SL con CIF:: B32131047<\/li>\n<li>REGINA VIARUM SL con CIF: CIF: B3636136<\/li>\n<\/ul>\n<p><strong>Data collected<\/strong><\/p>\n<p>Following the principle of minimisation of data, only data strictly necessary for carrying out the normal activities of the service will be collected.<\/p>\n<p>Los datos recopilados ser\u00e1n en todo caso de mayores de 16 a\u00f1os (Art. 8.1 RGPD). <strong>Grupo HOGOMAR<\/strong>. se reserva el derecho a tomar las medidas oportunas para comprobar la veracidad de la edad del usuario.<\/p>\n<p>In all cases, the data will be personal for identification and not sensitive data:<\/p>\n<ul>\n<li>Electronic mail address<\/li>\n<li>Telephone No.<\/li>\n<li>Name and Surname(s)<\/li>\n<li>Address<\/li>\n<\/ul>\n<p><strong>Elaboraci\u00f3n de Perfiles: <\/strong><\/p>\n<p>No se realizan elaboraci\u00f3n de perfiles.<\/p>\n<p><strong>Methods for collecting data<\/strong><\/p>\n<p>Los datos personales se recopilar\u00e1n a trav\u00e9s de la web www.altosdetorona.com, cuando el usuario introduzca informaci\u00f3n en alguno de los campos destinados a tal efecto en la web. Estos campos est\u00e1n debidamente se\u00f1alizados y no recopilar\u00e1n ning\u00fan dato hasta que no aceptes expresamente la gesti\u00f3n conforme a esta pol\u00edtica de privacidad.<\/p>\n<p><strong>Purpose for collecting and use made of the data<\/strong><\/p>\n<p>La recopilaci\u00f3n y uso de datos se realiza con las siguientes finalidades:<\/p>\n<ul>\n<li>Que el usuario pueda solicitar informaci\u00f3n o ponerte en contacto con nuestra organizaci\u00f3n. BODEGAS ALTOS DE TORONA, S.A.U.<\/li>\n<li>Que el usuario pueda comprar nuestros productos y\/o contratar nuestros servicios de enoturismo.<\/li>\n<li>Que el usuario pueda recibir informaci\u00f3n sobre productos y servicios ofertados por las empresas que forman el <strong>Grupo Hogomar.<\/strong><\/li>\n<\/ul>\n<p><strong>Destination of the data<\/strong><\/p>\n<p>Los datos recopilados ser\u00e1n comunicados a:<\/p>\n<ul>\n<li>Administraci\u00f3n Tributaria para el cumplimiento de las obligaciones legales<\/li>\n<li>Gestor\u00edas para la gesti\u00f3n empresarial.<\/li>\n<li>Empresas Soporte Inform\u00e1ticos para el mantenimiento de los sistemas inform\u00e1ticos.<\/li>\n<li>Entidades Financieras para la gesti\u00f3n del pago.<\/li>\n<li>Sociedades que forman parte del Grupo Hogomar para llevar a cabo la gesti\u00f3n empresarial.<\/li>\n<li>Empresas de transporte para la entrega de productos comprados.<\/li>\n<li>Terceros colaboradores que sean necesarios para la prestaci\u00f3n del servicio final.<\/li>\n<\/ul>\n<p><strong>Transferencia Internacional de Datos: <\/strong><\/p>\n<p>No se realizan transferencias internacionales de datos a pa\u00edses fuera del espacio econ\u00f3mico europeo<\/p>\n<p><strong>Time the data will be stored<\/strong><\/p>\n<p>The data will be stored until the fulfilment of the purpose for which it was collected, with a maximum period of 10 years or until you exercise your right to delete or modify your data, as long as this is not in conflict with the need to store the data by legal or fiscal imperative.<\/p>\n<p><strong>How do we protect your data?<\/strong><\/p>\n<p>Los datos se transfieren y almacenan de forma segura ya que la web y los servidores en los que se almacena la informaci\u00f3n disponen de:<\/p>\n<ul>\n<li>SSL encryption protocol.<\/li>\n<li>A server-level Firewall.<\/li>\n<li>Security protocols to prevent unauthorised access.<\/li>\n<li>Access control.<\/li>\n<li>Encrypted storage.<\/li>\n<\/ul>\n<p>Adem\u00e1s, Grupo Hogomar se compromete a mantener la confidencialidad de los datos y no comunicar\u00e1 ni permitir\u00e1 el acceso a terceros no autorizados.<\/p>\n<p><strong>Your data protection rights<\/strong><\/p>\n<p>La legislaci\u00f3n reconoce, como usuario que ha cedido sus datos personales, el derecho al acceso a los datos personales, a la rectificaci\u00f3n o supresi\u00f3n, a oponerse al tratamiento a la portabilidad de los datos y a la limitaci\u00f3n de su tratamiento. En el caso de que quieras ejercer alguno de estos derechos puedes hacerlo mediante un correo electr\u00f3nico dirigido a <a href=\"mailto:lopd@hgabodegas.com\">lopd@hgabodegas.com<\/a> o mediante carta dirigida a Grupo HOGOMAR. Carretera de Puxeiros a Peinador N 59, 36.416 Mos (PONTEVEDRA) indicando los derechos que quieres ejercer y una copia de tu documento de identidad por ambas caras.<\/p>\n<p>Nos comprometemos a responder a la solicitud en un plazo m\u00e1ximo de 30 d\u00edas h\u00e1biles.<\/p>\n<p><strong>Legal grounds for processing personal data<\/strong><\/p>\n<p>La base legal para el tratamiento de tus datos personales es la aceptaci\u00f3n expl\u00edcita del tratamiento, gesti\u00f3n y almacenamiento de los mismos cuando se contacta a trav\u00e9s de la web para solicitar informaci\u00f3n sobre los servicios y\/o productos.<\/p>\n<p>La base legal para el tratamiento de los datos personales es la ejecuci\u00f3n de un contrato cuando a trav\u00e9s de la web se realizan compras de nuestros productos y\/o se contratan los servicios de enoturismo.<\/p>\n<p>La base legal para las acciones promocionales y de comunicaci\u00f3n relativas a otros productos y servicios de empresas del Grupo Hogomar ser\u00e1 la ejecuci\u00f3n de un contrato, ya que solo se remitir\u00e1 informaci\u00f3n relativa a servicios y\/o productos similares a los previamente contratados.<\/p>\n<p><strong>Consequences of refusing to accept this privacy policy<\/strong><\/p>\n<p>En el caso de que no aceptar la gesti\u00f3n de los datos seg\u00fan la presente pol\u00edtica de privacidad, no se proceder\u00e1 a la recopilaci\u00f3n de los mismos, lo que puede suponer que no se pueda llevar a cabo el servicio prestado por BODEGAS ALTOS DE TORONA, S.A.U.<\/p>\n<p><strong>Data protection authority in Spain<\/strong><\/p>\n<p>If you wish to exercise your data protection rights and consider that we are in breach of them, you can contact the data protection Authority.<\/p>\n<p><strong>Changes in the Privacy Policy<\/strong><\/p>\n<p>BODEGAS ALTOS DE TORONA, S.A.U. reserves the right to modify this Privacy Policy. Any modifications will comply with legislation and jurisprudence and will be recorded in this Privacy Policy.<\/p>\n<p>&nbsp;<\/p>\n\n\t\t<\/div>\n\t<\/div>\n<\/div><\/div><\/div><\/div>","protected":false},"excerpt":{"rendered":"Pol\u00edtica de privacidad Pol\u00edtica de privacidad BODEGAS ALTOS DE TORONA S.A.U., recopila, trata y almacena informaci\u00f3n personal a trav\u00e9s de la web de su propiedad www.altosdetorona.com Esta informaci\u00f3n ser\u00e1 relativa a los usuarios de la web. La informaci\u00f3n se recopilar\u00e1, tratar\u00e1 y almacenar\u00e1 conforme a la presente Pol\u00edtica de Privacidad, actualizada en marzo de 2023 Legislaci\u00f3n aplicable RGPD (Reglamento (UE) 2016\/679 del Parlamento Europeo y del Consejo de 27 de abril de 2016 relativo a la protecci\u00f3n de las personas f\u00edsicas) Ley Org\u00e1nica 3\/2018, de 5 de diciembre, de Protecci\u00f3n de Datos Personales y garant\u00eda de los derechos digitales. LSSI (Ley 34\/2002, de 11 de julio, de Servicios de la Sociedad de la Informaci\u00f3n y Comercio Electr\u00f3nico) Titular de la Web Denominaci\u00f3n comercial: BODEGAS ALTOS DE TORONA Denominaci\u00f3n social: BODEGAS ALTOS DE TORONA, S.A.U. Identificador fiscal: A36.373.058 Domicilio: Carretera de Tui a la Guardia KM 55.5 AS EIRAS, O ROSAL 36760 Pontevedra E-mail de contacto: info@altosdetorona.com Corresponsabilidad del Tratamiento BODEGAS ALTOS DE TORONA S.A.U. con CIF A36373058 es corresponsable del tratamiento de los datos recopilados a trav\u00e9s de esta web. BODEGAS ALTOS DE TORONA S.A.U. Cuando varias entidades, como es el caso de los grupos empresariales, de manera conjunta deciden sobre el contenido, uso y finalidad del tratamiento de datos, desde la perspectiva de la Normativa de Protecci\u00f3n de Datos, se convierten en corresponsables del tratamiento. BODEGAS ALTOS DE TORONA S.A.U., forma parte del grupo empresarial denominado \u201cGrupo HOGOMAR\u201d. Un grupo empresarial es un conjunto de varias sociedades que, aunque son independientes, tienen una misma direcci\u00f3n y control. Lo m\u00e1s habitual es que esa direcci\u00f3n est\u00e9 en manos de una empresa, la empresa dominante o matriz, que ejerce el control sobre las dem\u00e1s, en este caso la empresa matriz es HOGOMAR S.L con CIF B36376150 y con domicilio social en Carretera de Puxeiros a Peinador N 59, 36.416 Mos (PONTEVEDRA). A continuaci\u00f3n presentamos las empresas que forman parte del denominado Grupo HOGOMAR y que act\u00faan como corresponsables del tratamiento de los datos que se recopilan a trav\u00e9s de esta web: HOGOMAR S.L con CIF B36376150 BODEGAS ALTOS DE TORONA, S.A.U. con CIF A36373058 HGA BODEGAS Y VI\u00d1EDOS DE ALTURA SL con CIF:: B32131047 REGINA VIARUM SL con CIF: CIF: B3636136 Datos recopilados \u00danicamente se recopilar\u00e1n los datos estrictamente necesarios para llevar a cabo la normal actividad del servicio. Ajust\u00e1ndose al principio de minimizaci\u00f3n de datos. Los datos recopilados ser\u00e1n en todo caso de mayores de 16 a\u00f1os (Art. 8.1 RGPD). Grupo HOGOMAR. se reserva el derecho a tomar las medidas oportunas para comprobar la veracidad de la edad del usuario. En todo caso estos datos ser\u00e1n de car\u00e1cter personal identificativos y no sensibles: Correo electr\u00f3nico Tel\u00e9fono Nombre y apellidos Direcci\u00f3n Elaboraci\u00f3n de Perfiles: No se realizan elaboraci\u00f3n de perfiles. M\u00e9todos de recopilaci\u00f3n Los datos personales se recopilar\u00e1n a trav\u00e9s de la web www.altosdetorona.com, cuando el usuario introduzca informaci\u00f3n en alguno de los campos destinados a tal efecto en la web. Estos campos est\u00e1n debidamente se\u00f1alizados y no recopilar\u00e1n ning\u00fan dato hasta que no aceptes expresamente la gesti\u00f3n conforme a esta pol\u00edtica de privacidad. Objetivo de la recopilaci\u00f3n y uso de los datos La recopilaci\u00f3n y uso de datos se realiza con las siguientes finalidades: Que el usuario pueda solicitar informaci\u00f3n o ponerte en contacto con nuestra organizaci\u00f3n. BODEGAS ALTOS DE TORONA, S.A.U. Que el usuario pueda comprar nuestros productos y\/o contratar nuestros servicios de enoturismo. Que el usuario pueda recibir informaci\u00f3n sobre productos y servicios ofertados por las empresas que forman el Grupo Hogomar. Destinatario de los datos Los datos recopilados ser\u00e1n comunicados a: Administraci\u00f3n Tributaria para el cumplimiento de las obligaciones legales Gestor\u00edas para la gesti\u00f3n empresarial. Empresas Soporte Inform\u00e1ticos para el mantenimiento de los sistemas inform\u00e1ticos. Entidades Financieras para la gesti\u00f3n del pago. Sociedades que forman parte del Grupo Hogomar para llevar a cabo la gesti\u00f3n empresarial. Empresas de transporte para la entrega de productos comprados. Terceros colaboradores que sean necesarios para la prestaci\u00f3n del servicio final. Transferencia Internacional de Datos: No se realizan transferencias internacionales de datos a pa\u00edses fuera del espacio econ\u00f3mico europeo Plazo de conservaci\u00f3n de los datos Los datos se conservar\u00e1n hasta que se cumpla el objetivo por el cual se recopilaron estos datos, como m\u00e1ximo durante 10 a\u00f1os o hasta que se ejerza el derecho a la supresi\u00f3n o modificaci\u00f3n de los mismos. Siempre y cuando esto no entre en conflicto con la necesidad por motivos legales o fiscales de almacenar los mismos. \u00bfC\u00f3mo protegemos sus datos? Los datos se transfieren y almacenan de forma segura ya que la web y los servidores en los que se almacena la informaci\u00f3n disponen de: Cifrado con protocolo SSL. Firewall a nivel de servidor. Protocolos de seguridad para prevenir accesos no autorizados. Control de accesos. Almacenamiento encriptado. Adem\u00e1s, Grupo Hogomar se compromete a mantener la confidencialidad de los datos y no comunicar\u00e1 ni permitir\u00e1 el acceso a terceros no autorizados. Tus derechos en cuanto a protecci\u00f3n de datos La legislaci\u00f3n reconoce, como usuario que ha cedido sus datos personales, el derecho al acceso a los datos personales, a la rectificaci\u00f3n o supresi\u00f3n, a oponerse al tratamiento a la portabilidad de los datos y a la limitaci\u00f3n de su tratamiento. En el caso de que quieras ejercer alguno de estos derechos puedes hacerlo mediante un correo electr\u00f3nico dirigido a lopd@hgabodegas.com o mediante carta dirigida a Grupo HOGOMAR. Carretera de Puxeiros a Peinador N 59, 36.416 Mos (PONTEVEDRA) indicando los derechos que quieres ejercer y una copia de tu documento de identidad por ambas caras. Nos comprometemos a responder a la solicitud en un plazo m\u00e1ximo de 30 d\u00edas h\u00e1biles. Legitimaci\u00f3n para el tratamiento de datos La base legal para el tratamiento de tus datos personales es la aceptaci\u00f3n expl\u00edcita del tratamiento, gesti\u00f3n y almacenamiento de los mismos cuando se contacta a trav\u00e9s de la web para solicitar informaci\u00f3n sobre los servicios y\/o productos. La base legal para el tratamiento de los datos personales es la ejecuci\u00f3n de un contrato cuando a trav\u00e9s de la web se realizan","protected":false},"author":1,"featured_media":0,"parent":0,"menu_order":0,"comment_status":"closed","ping_status":"open","template":"","meta":{"footnotes":""},"class_list":["post-3","page","type-page","status-publish","hentry","entry","post-inner"],"yoast_head":"<!-- This site is optimized with the Yoast SEO plugin v27.4 - https:\/\/yoast.com\/product\/yoast-seo-wordpress\/ -->\n<title>Pol\u00edtica de privacidad | Altos de Torona<\/title>\n<meta name=\"robots\" content=\"index, follow, max-snippet:-1, max-image-preview:large, max-video-preview:-1\" \/>\n<link rel=\"canonical\" href=\"https:\/\/altosdetorona.com\/en\/politica-privacidad\/\" \/>\n<meta property=\"og:locale\" content=\"en_GB\" \/>\n<meta property=\"og:type\" content=\"article\" \/>\n<meta property=\"og:title\" content=\"Pol\u00edtica de privacidad | Altos de Torona\" \/>\n<meta property=\"og:url\" content=\"https:\/\/altosdetorona.com\/en\/politica-privacidad\/\" \/>\n<meta property=\"og:site_name\" content=\"Altos de Torona\" \/>\n<meta property=\"article:publisher\" content=\"https:\/\/www.facebook.com\/altosdetorona\/\" \/>\n<meta property=\"article:modified_time\" content=\"2023-03-15T13:40:23+00:00\" \/>\n<meta name=\"twitter:card\" content=\"summary_large_image\" \/>\n<meta name=\"twitter:label1\" content=\"Estimated reading time\" \/>\n\t<meta name=\"twitter:data1\" content=\"7 minutes\" \/>\n<script type=\"application\/ld+json\" class=\"yoast-schema-graph\">{\"@context\":\"https:\\\/\\\/schema.org\",\"@graph\":[{\"@type\":\"WebPage\",\"@id\":\"https:\\\/\\\/altosdetorona.com\\\/en\\\/politica-privacidad\\\/\",\"url\":\"https:\\\/\\\/altosdetorona.com\\\/en\\\/politica-privacidad\\\/\",\"name\":\"Pol\u00edtica de privacidad | Altos de Torona\",\"isPartOf\":{\"@id\":\"https:\\\/\\\/altosdetorona.com\\\/en\\\/#website\"},\"datePublished\":\"2019-03-25T16:28:55+00:00\",\"dateModified\":\"2023-03-15T13:40:23+00:00\",\"breadcrumb\":{\"@id\":\"https:\\\/\\\/altosdetorona.com\\\/en\\\/politica-privacidad\\\/#breadcrumb\"},\"inLanguage\":\"en-GB\",\"potentialAction\":[{\"@type\":\"ReadAction\",\"target\":[\"https:\\\/\\\/altosdetorona.com\\\/en\\\/politica-privacidad\\\/\"]}]},{\"@type\":\"BreadcrumbList\",\"@id\":\"https:\\\/\\\/altosdetorona.com\\\/en\\\/politica-privacidad\\\/#breadcrumb\",\"itemListElement\":[{\"@type\":\"ListItem\",\"position\":1,\"name\":\"Portada\",\"item\":\"https:\\\/\\\/altosdetorona.com\\\/en\\\/\"},{\"@type\":\"ListItem\",\"position\":2,\"name\":\"Pol\u00edtica de privacidad\"}]},{\"@type\":\"WebSite\",\"@id\":\"https:\\\/\\\/altosdetorona.com\\\/en\\\/#website\",\"url\":\"https:\\\/\\\/altosdetorona.com\\\/en\\\/\",\"name\":\"Altos de Torona\",\"description\":\"M\u00e1s que un vi\u00f1edo...\",\"publisher\":{\"@id\":\"https:\\\/\\\/altosdetorona.com\\\/en\\\/#organization\"},\"potentialAction\":[{\"@type\":\"SearchAction\",\"target\":{\"@type\":\"EntryPoint\",\"urlTemplate\":\"https:\\\/\\\/altosdetorona.com\\\/en\\\/?s={search_term_string}\"},\"query-input\":{\"@type\":\"PropertyValueSpecification\",\"valueRequired\":true,\"valueName\":\"search_term_string\"}}],\"inLanguage\":\"en-GB\"},{\"@type\":\"Organization\",\"@id\":\"https:\\\/\\\/altosdetorona.com\\\/en\\\/#organization\",\"name\":\"Altos de Torona\",\"url\":\"https:\\\/\\\/altosdetorona.com\\\/en\\\/\",\"logo\":{\"@type\":\"ImageObject\",\"inLanguage\":\"en-GB\",\"@id\":\"https:\\\/\\\/altosdetorona.com\\\/en\\\/#\\\/schema\\\/logo\\\/image\\\/\",\"url\":\"https:\\\/\\\/altosdetorona.com\\\/web\\\/wp-content\\\/uploads\\\/2019\\\/05\\\/Logo-Altos-De-Torona-2019@2x.png\",\"contentUrl\":\"https:\\\/\\\/altosdetorona.com\\\/web\\\/wp-content\\\/uploads\\\/2019\\\/05\\\/Logo-Altos-De-Torona-2019@2x.png\",\"width\":494,\"height\":117,\"caption\":\"Altos de Torona\"},\"image\":{\"@id\":\"https:\\\/\\\/altosdetorona.com\\\/en\\\/#\\\/schema\\\/logo\\\/image\\\/\"},\"sameAs\":[\"https:\\\/\\\/www.facebook.com\\\/altosdetorona\\\/\",\"https:\\\/\\\/www.instagram.com\\\/altostorona\\\/\"]}]}<\/script>\n<!-- \/ Yoast SEO plugin. -->","yoast_head_json":{"title":"Pol\u00edtica de privacidad | Altos de Torona","robots":{"index":"index","follow":"follow","max-snippet":"max-snippet:-1","max-image-preview":"max-image-preview:large","max-video-preview":"max-video-preview:-1"},"canonical":"https:\/\/altosdetorona.com\/en\/politica-privacidad\/","og_locale":"en_GB","og_type":"article","og_title":"Pol\u00edtica de privacidad | Altos de Torona","og_url":"https:\/\/altosdetorona.com\/en\/politica-privacidad\/","og_site_name":"Altos de Torona","article_publisher":"https:\/\/www.facebook.com\/altosdetorona\/","article_modified_time":"2023-03-15T13:40:23+00:00","twitter_card":"summary_large_image","twitter_misc":{"Estimated reading time":"7 minutes"},"schema":{"@context":"https:\/\/schema.org","@graph":[{"@type":"WebPage","@id":"https:\/\/altosdetorona.com\/en\/politica-privacidad\/","url":"https:\/\/altosdetorona.com\/en\/politica-privacidad\/","name":"Pol\u00edtica de privacidad | Altos de Torona","isPartOf":{"@id":"https:\/\/altosdetorona.com\/en\/#website"},"datePublished":"2019-03-25T16:28:55+00:00","dateModified":"2023-03-15T13:40:23+00:00","breadcrumb":{"@id":"https:\/\/altosdetorona.com\/en\/politica-privacidad\/#breadcrumb"},"inLanguage":"en-GB","potentialAction":[{"@type":"ReadAction","target":["https:\/\/altosdetorona.com\/en\/politica-privacidad\/"]}]},{"@type":"BreadcrumbList","@id":"https:\/\/altosdetorona.com\/en\/politica-privacidad\/#breadcrumb","itemListElement":[{"@type":"ListItem","position":1,"name":"Portada","item":"https:\/\/altosdetorona.com\/en\/"},{"@type":"ListItem","position":2,"name":"Pol\u00edtica de privacidad"}]},{"@type":"WebSite","@id":"https:\/\/altosdetorona.com\/en\/#website","url":"https:\/\/altosdetorona.com\/en\/","name":"Altos de Torona","description":"M\u00e1s que un vi\u00f1edo...","publisher":{"@id":"https:\/\/altosdetorona.com\/en\/#organization"},"potentialAction":[{"@type":"SearchAction","target":{"@type":"EntryPoint","urlTemplate":"https:\/\/altosdetorona.com\/en\/?s={search_term_string}"},"query-input":{"@type":"PropertyValueSpecification","valueRequired":true,"valueName":"search_term_string"}}],"inLanguage":"en-GB"},{"@type":"Organization","@id":"https:\/\/altosdetorona.com\/en\/#organization","name":"Altos de Torona","url":"https:\/\/altosdetorona.com\/en\/","logo":{"@type":"ImageObject","inLanguage":"en-GB","@id":"https:\/\/altosdetorona.com\/en\/#\/schema\/logo\/image\/","url":"https:\/\/altosdetorona.com\/web\/wp-content\/uploads\/2019\/05\/Logo-Altos-De-Torona-2019@2x.png","contentUrl":"https:\/\/altosdetorona.com\/web\/wp-content\/uploads\/2019\/05\/Logo-Altos-De-Torona-2019@2x.png","width":494,"height":117,"caption":"Altos de Torona"},"image":{"@id":"https:\/\/altosdetorona.com\/en\/#\/schema\/logo\/image\/"},"sameAs":["https:\/\/www.facebook.com\/altosdetorona\/","https:\/\/www.instagram.com\/altostorona\/"]}]}},"_links":{"self":[{"href":"https:\/\/altosdetorona.com\/en\/wp-json\/wp\/v2\/pages\/3","targetHints":{"allow":["GET"]}}],"collection":[{"href":"https:\/\/altosdetorona.com\/en\/wp-json\/wp\/v2\/pages"}],"about":[{"href":"https:\/\/altosdetorona.com\/en\/wp-json\/wp\/v2\/types\/page"}],"author":[{"embeddable":true,"href":"https:\/\/altosdetorona.com\/en\/wp-json\/wp\/v2\/users\/1"}],"replies":[{"embeddable":true,"href":"https:\/\/altosdetorona.com\/en\/wp-json\/wp\/v2\/comments?post=3"}],"version-history":[{"count":5,"href":"https:\/\/altosdetorona.com\/en\/wp-json\/wp\/v2\/pages\/3\/revisions"}],"predecessor-version":[{"id":82268,"href":"https:\/\/altosdetorona.com\/en\/wp-json\/wp\/v2\/pages\/3\/revisions\/82268"}],"wp:attachment":[{"href":"https:\/\/altosdetorona.com\/en\/wp-json\/wp\/v2\/media?parent=3"}],"curies":[{"name":"wp","href":"https:\/\/api.w.org\/{rel}","templated":true}]}}