{"id":19,"date":"2019-03-25T18:37:07","date_gmt":"2019-03-25T17:37:07","guid":{"rendered":"https:\/\/altos.dsgnbox.com\/?page_id=19"},"modified":"2019-07-29T18:28:23","modified_gmt":"2019-07-29T16:28:23","slug":"elaboracion","status":"publish","type":"page","link":"https:\/\/altosdetorona.com\/en\/elaboracion\/","title":{"rendered":"Elaboraci\u00f3n"},"content":{"rendered":"<div data-vc-full-width=\"true\" data-vc-full-width-init=\"false\" data-vc-parallax=\"1.5\" data-vc-parallax-image=\"https:\/\/altosdetorona.com\/web\/wp-content\/uploads\/2019\/04\/fondo-paisaje.jpg\" class=\"vc_row wpb_row vc_row-fluid vc_custom_1564417702100 vc_row-has-fill vc_general vc_parallax vc_parallax-content-moving\"><div class=\"wpb_column vc_column_container vc_col-sm-12\"><div class=\"vc_column-inner\"><div class=\"wpb_wrapper\"><\/div><\/div><\/div><\/div><div class=\"vc_row-full-width vc_clearfix\"><\/div><div data-vc-full-width=\"true\" data-vc-full-width-init=\"false\" data-vc-stretch-content=\"true\" class=\"vc_row wpb_row vc_row-fluid vc_custom_1564417374980 vc_row-o-equal-height vc_row-flex\"><div class=\"wpb_column vc_column_container vc_col-sm-4 vc_col-lg-offset-2\"><div class=\"vc_column-inner\"><div class=\"wpb_wrapper\">\n\t<div class=\"wpb_text_column wpb_content_element  vc_custom_1559746825403\" >\n\t\t<div class=\"wpb_wrapper\">\n\t\t\t<h3><em>Vendimia<\/em><\/h3>\n<p>La vendimia es la cosecha de la uva, y se realiza cuando \u00e9sta llega a su punto \u00f3ptimo de maduraci\u00f3n. Los vinos de Altos de Torona son fruto de una vendimia manual, lo que supone elegir los racimos de una forma selectiva e inspeccionarlos antes de su entrada en la bodega. Para garantizar un \u00f3ptimo estado en la recepci\u00f3n, los racimos son recogidos en peque\u00f1as cajas de 15kg. para limitar su trituraci\u00f3n.<\/p>\n<p>Una vez en la bodega, las distintas variedades de uva son separadas para respetar los aromas, gustos, caracter\u00edsticas y evoluci\u00f3n propios de cada una.<\/p>\n\n\t\t<\/div>\n\t<\/div>\n<\/div><\/div><\/div><div data-vc-parallax=\"1.3\" data-vc-parallax-image=\"https:\/\/altosdetorona.com\/web\/wp-content\/uploads\/2019\/04\/foto-vid.jpg\" class=\"wpb_column vc_column_container vc_col-sm-6 vc_col-has-fill vc_general vc_parallax vc_parallax-content-moving\"><div class=\"vc_column-inner\"><div class=\"wpb_wrapper\"><div class=\"vc_empty_space\"   style=\"height: 120px\"><span class=\"vc_empty_space_inner\"><\/span><\/div><\/div><\/div><\/div><\/div><div class=\"vc_row-full-width vc_clearfix\"><\/div><div data-vc-full-width=\"true\" data-vc-full-width-init=\"false\" data-vc-stretch-content=\"true\" class=\"vc_row wpb_row vc_row-fluid vc_row-o-equal-height vc_row-flex\"><div data-vc-parallax=\"1.3\" data-vc-parallax-image=\"https:\/\/altosdetorona.com\/web\/wp-content\/uploads\/2019\/04\/fondo-paisaje.jpg\" class=\"wpb_column vc_column_container vc_col-sm-6 vc_col-has-fill vc_general vc_parallax vc_parallax-content-moving\"><div class=\"vc_column-inner\"><div class=\"wpb_wrapper\"><div class=\"vc_empty_space\"   style=\"height: 120px\"><span class=\"vc_empty_space_inner\"><\/span><\/div><\/div><\/div><\/div><div class=\"wpb_column vc_column_container vc_col-sm-4\"><div class=\"vc_column-inner\"><div class=\"wpb_wrapper\">\n\t<div class=\"wpb_text_column wpb_content_element  vc_custom_1559746913119\" >\n\t\t<div class=\"wpb_wrapper\">\n\t\t\t<h3><em>Fermentaci\u00f3n y crianza<\/em><\/h3>\n<p>El proceso de fermentaci\u00f3n consiste en convertir los az\u00facares del mosto en alcohol et\u00edlico. Nuestros dep\u00f3sitos de fermentaci\u00f3n, de 150 Hl., son de acero inoxidable y est\u00e1n equipados de un sistema de temperatura controlada que permite una mayor extracci\u00f3n de los aromas, del color y de los taninos.<\/p>\n<p>A\u00f1ejando nuestros vinos mediante el proceso de crianza en barricas de roble franc\u00e9s y americano permitimos que evolucionen obteniendo nuevos sabores y aromas. Al ser parte de un ser viviente, la madera contiene componentes qu\u00edmicos agradables y el l\u00edquido absorbe pigmentos y sabores a trav\u00e9s del alcohol, dotando de una mayor complejidad a nuestros caldos.<\/p>\n\n\t\t<\/div>\n\t<\/div>\n<\/div><\/div><\/div><\/div><div class=\"vc_row-full-width vc_clearfix\"><\/div><div data-vc-full-width=\"true\" data-vc-full-width-init=\"false\" class=\"vc_row wpb_row vc_row-fluid vc_custom_1554394936810 vc_row-has-fill\"><div class=\"wpb_column vc_column_container vc_col-sm-12\"><div class=\"vc_column-inner\"><div class=\"wpb_wrapper\"><div class=\"vc_row wpb_row vc_inner vc_row-fluid\"><div class=\"wpb_column vc_column_container vc_col-sm-6 vc_col-xs-6 vc_col-has-fill\"><div class=\"vc_column-inner vc_custom_1554395138976\"><div class=\"wpb_wrapper\">\n\t<div class=\"wpb_text_column wpb_content_element\" >\n\t\t<div class=\"wpb_wrapper\">\n\t\t\t<h3 style=\"text-align: center;\"><span style=\"color: #ffffff;\">Visitas &amp; <strong>rutas<\/strong><\/span><\/h3>\n\n\t\t<\/div>\n\t<\/div>\n<div class=\"vc_custom_1554394564408 ubtn-ctn-center\"><a class=\"ubtn-link ult-adjust-bottom-margin ubtn-center ubtn-normal\" href=\"\/en\/\" ><button type=\"button\" id=\"ubtn-4687\"  class=\"ubtn ult-adjust-bottom-margin ult-responsive ubtn-normal ubtn-fade-bg  none  ubtn-center   tooltip-69d797cddb232\"  data-hover=\"#dd9933\" data-border-color=\"#ffffff\" data-bg=\"rgba(255,255,255,0.01)\" data-hover-bg=\"#ffffff\" data-border-hover=\"#ffffff\" data-shadow-hover=\"\" data-shadow-click=\"none\" data-shadow=\"\" data-shd-shadow=\"\"  data-ultimate-target='#ubtn-4687'  data-responsive-json-new='{\"font-size\":\"\",\"line-height\":\"\"}'  style=\"font-weight:normal;border-radius:0px;border-width:2px;border-color:#ffffff;border-style:solid;background: rgba(255,255,255,0.01);color: #ffffff;\"><span class=\"ubtn-hover\" style=\"background-color:#ffffff\"><\/span><span class=\"ubtn-data ubtn-text\" >Descubre m\u00e1s<\/span><\/button><\/a><\/div><\/div><\/div><\/div><div class=\"wpb_column vc_column_container vc_col-sm-6 vc_col-xs-6 vc_col-has-fill\"><div class=\"vc_column-inner vc_custom_1554395145952\"><div class=\"wpb_wrapper\">\n\t<div class=\"wpb_text_column wpb_content_element\" >\n\t\t<div class=\"wpb_wrapper\">\n\t\t\t<h3 style=\"text-align: center;\"><span style=\"color: #ffffff;\">Nuestros <strong>vinos<\/strong><\/span><\/h3>\n\n\t\t<\/div>\n\t<\/div>\n<div class=\"vc_custom_1554394564408 ubtn-ctn-center\"><a class=\"ubtn-link ult-adjust-bottom-margin ubtn-center ubtn-normal\" href=\"\/en\/\" ><button type=\"button\" id=\"ubtn-1750\"  class=\"ubtn ult-adjust-bottom-margin ult-responsive ubtn-normal ubtn-fade-bg  none  ubtn-center   tooltip-69d797cddb4ea\"  data-hover=\"#dd9933\" data-border-color=\"#ffffff\" data-bg=\"rgba(255,255,255,0.01)\" data-hover-bg=\"#ffffff\" data-border-hover=\"#ffffff\" data-shadow-hover=\"\" data-shadow-click=\"none\" data-shadow=\"\" data-shd-shadow=\"\"  data-ultimate-target='#ubtn-1750'  data-responsive-json-new='{\"font-size\":\"\",\"line-height\":\"\"}'  style=\"font-weight:normal;border-radius:0px;border-width:2px;border-color:#ffffff;border-style:solid;background: rgba(255,255,255,0.01);color: #ffffff;\"><span class=\"ubtn-hover\" style=\"background-color:#ffffff\"><\/span><span class=\"ubtn-data ubtn-text\" >Descubre m\u00e1s<\/span><\/button><\/a><\/div><\/div><\/div><\/div><\/div><\/div><\/div><\/div><\/div><div class=\"vc_row-full-width vc_clearfix\"><\/div>","protected":false},"excerpt":{"rendered":"Vendimia La vendimia es la cosecha de la uva, y se realiza cuando \u00e9sta llega a su punto \u00f3ptimo de maduraci\u00f3n. Los vinos de Altos de Torona son fruto de una vendimia manual, lo que supone elegir los racimos de una forma selectiva e inspeccionarlos antes de su entrada en la bodega. Para garantizar un \u00f3ptimo estado en la recepci\u00f3n, los racimos son recogidos en peque\u00f1as cajas de 15kg. para limitar su trituraci\u00f3n. Una vez en la bodega, las distintas variedades de uva son separadas para respetar los aromas, gustos, caracter\u00edsticas y evoluci\u00f3n propios de cada una. Fermentaci\u00f3n y crianza El proceso de fermentaci\u00f3n consiste en convertir los az\u00facares del mosto en alcohol et\u00edlico. Nuestros dep\u00f3sitos de fermentaci\u00f3n, de 150 Hl., son de acero inoxidable y est\u00e1n equipados de un sistema de temperatura controlada que permite una mayor extracci\u00f3n de los aromas, del color y de los taninos. A\u00f1ejando nuestros vinos mediante el proceso de crianza en barricas de roble franc\u00e9s y americano permitimos que evolucionen obteniendo nuevos sabores y aromas. Al ser parte de un ser viviente, la madera contiene componentes qu\u00edmicos agradables y el l\u00edquido absorbe pigmentos y sabores a trav\u00e9s del alcohol, dotando de una mayor complejidad a nuestros caldos. Visitas &amp; rutas Descubre m\u00e1s Nuestros vinos Descubre m\u00e1s","protected":false},"author":1,"featured_media":0,"parent":0,"menu_order":0,"comment_status":"closed","ping_status":"closed","template":"","meta":{"footnotes":""},"class_list":["post-19","page","type-page","status-publish","hentry","entry","post-inner"],"yoast_head":"<!-- This site is optimized with the Yoast SEO plugin v27.3 - https:\/\/yoast.com\/product\/yoast-seo-wordpress\/ -->\n<title>Elaboraci\u00f3n | Altos de Torona<\/title>\n<meta name=\"robots\" content=\"index, follow, max-snippet:-1, max-image-preview:large, max-video-preview:-1\" \/>\n<link rel=\"canonical\" href=\"https:\/\/altosdetorona.com\/en\/elaboracion\/\" \/>\n<meta property=\"og:locale\" content=\"en_GB\" \/>\n<meta property=\"og:type\" content=\"article\" \/>\n<meta property=\"og:title\" content=\"Elaboraci\u00f3n | Altos de Torona\" \/>\n<meta property=\"og:url\" content=\"https:\/\/altosdetorona.com\/en\/elaboracion\/\" \/>\n<meta property=\"og:site_name\" content=\"Altos de Torona\" \/>\n<meta property=\"article:publisher\" content=\"https:\/\/www.facebook.com\/altosdetorona\/\" \/>\n<meta property=\"article:modified_time\" content=\"2019-07-29T16:28:23+00:00\" \/>\n<meta name=\"twitter:card\" content=\"summary_large_image\" \/>\n<meta name=\"twitter:label1\" content=\"Estimated reading time\" \/>\n\t<meta name=\"twitter:data1\" content=\"3 minutes\" \/>\n<script type=\"application\/ld+json\" class=\"yoast-schema-graph\">{\"@context\":\"https:\\\/\\\/schema.org\",\"@graph\":[{\"@type\":\"WebPage\",\"@id\":\"https:\\\/\\\/altosdetorona.com\\\/en\\\/elaboracion\\\/\",\"url\":\"https:\\\/\\\/altosdetorona.com\\\/en\\\/elaboracion\\\/\",\"name\":\"Elaboraci\u00f3n | Altos de Torona\",\"isPartOf\":{\"@id\":\"https:\\\/\\\/altosdetorona.com\\\/en\\\/#website\"},\"datePublished\":\"2019-03-25T17:37:07+00:00\",\"dateModified\":\"2019-07-29T16:28:23+00:00\",\"breadcrumb\":{\"@id\":\"https:\\\/\\\/altosdetorona.com\\\/en\\\/elaboracion\\\/#breadcrumb\"},\"inLanguage\":\"en-GB\",\"potentialAction\":[{\"@type\":\"ReadAction\",\"target\":[\"https:\\\/\\\/altosdetorona.com\\\/en\\\/elaboracion\\\/\"]}]},{\"@type\":\"BreadcrumbList\",\"@id\":\"https:\\\/\\\/altosdetorona.com\\\/en\\\/elaboracion\\\/#breadcrumb\",\"itemListElement\":[{\"@type\":\"ListItem\",\"position\":1,\"name\":\"Portada\",\"item\":\"https:\\\/\\\/altosdetorona.com\\\/en\\\/\"},{\"@type\":\"ListItem\",\"position\":2,\"name\":\"Elaboraci\u00f3n\"}]},{\"@type\":\"WebSite\",\"@id\":\"https:\\\/\\\/altosdetorona.com\\\/en\\\/#website\",\"url\":\"https:\\\/\\\/altosdetorona.com\\\/en\\\/\",\"name\":\"Altos de Torona\",\"description\":\"M\u00e1s que un vi\u00f1edo...\",\"publisher\":{\"@id\":\"https:\\\/\\\/altosdetorona.com\\\/en\\\/#organization\"},\"potentialAction\":[{\"@type\":\"SearchAction\",\"target\":{\"@type\":\"EntryPoint\",\"urlTemplate\":\"https:\\\/\\\/altosdetorona.com\\\/en\\\/?s={search_term_string}\"},\"query-input\":{\"@type\":\"PropertyValueSpecification\",\"valueRequired\":true,\"valueName\":\"search_term_string\"}}],\"inLanguage\":\"en-GB\"},{\"@type\":\"Organization\",\"@id\":\"https:\\\/\\\/altosdetorona.com\\\/en\\\/#organization\",\"name\":\"Altos de Torona\",\"url\":\"https:\\\/\\\/altosdetorona.com\\\/en\\\/\",\"logo\":{\"@type\":\"ImageObject\",\"inLanguage\":\"en-GB\",\"@id\":\"https:\\\/\\\/altosdetorona.com\\\/en\\\/#\\\/schema\\\/logo\\\/image\\\/\",\"url\":\"https:\\\/\\\/altosdetorona.com\\\/web\\\/wp-content\\\/uploads\\\/2019\\\/05\\\/Logo-Altos-De-Torona-2019@2x.png\",\"contentUrl\":\"https:\\\/\\\/altosdetorona.com\\\/web\\\/wp-content\\\/uploads\\\/2019\\\/05\\\/Logo-Altos-De-Torona-2019@2x.png\",\"width\":494,\"height\":117,\"caption\":\"Altos de Torona\"},\"image\":{\"@id\":\"https:\\\/\\\/altosdetorona.com\\\/en\\\/#\\\/schema\\\/logo\\\/image\\\/\"},\"sameAs\":[\"https:\\\/\\\/www.facebook.com\\\/altosdetorona\\\/\",\"https:\\\/\\\/www.instagram.com\\\/altostorona\\\/\"]}]}<\/script>\n<!-- \/ Yoast SEO plugin. -->","yoast_head_json":{"title":"Elaboraci\u00f3n | Altos de Torona","robots":{"index":"index","follow":"follow","max-snippet":"max-snippet:-1","max-image-preview":"max-image-preview:large","max-video-preview":"max-video-preview:-1"},"canonical":"https:\/\/altosdetorona.com\/en\/elaboracion\/","og_locale":"en_GB","og_type":"article","og_title":"Elaboraci\u00f3n | Altos de Torona","og_url":"https:\/\/altosdetorona.com\/en\/elaboracion\/","og_site_name":"Altos de Torona","article_publisher":"https:\/\/www.facebook.com\/altosdetorona\/","article_modified_time":"2019-07-29T16:28:23+00:00","twitter_card":"summary_large_image","twitter_misc":{"Estimated reading time":"3 minutes"},"schema":{"@context":"https:\/\/schema.org","@graph":[{"@type":"WebPage","@id":"https:\/\/altosdetorona.com\/en\/elaboracion\/","url":"https:\/\/altosdetorona.com\/en\/elaboracion\/","name":"Elaboraci\u00f3n | Altos de Torona","isPartOf":{"@id":"https:\/\/altosdetorona.com\/en\/#website"},"datePublished":"2019-03-25T17:37:07+00:00","dateModified":"2019-07-29T16:28:23+00:00","breadcrumb":{"@id":"https:\/\/altosdetorona.com\/en\/elaboracion\/#breadcrumb"},"inLanguage":"en-GB","potentialAction":[{"@type":"ReadAction","target":["https:\/\/altosdetorona.com\/en\/elaboracion\/"]}]},{"@type":"BreadcrumbList","@id":"https:\/\/altosdetorona.com\/en\/elaboracion\/#breadcrumb","itemListElement":[{"@type":"ListItem","position":1,"name":"Portada","item":"https:\/\/altosdetorona.com\/en\/"},{"@type":"ListItem","position":2,"name":"Elaboraci\u00f3n"}]},{"@type":"WebSite","@id":"https:\/\/altosdetorona.com\/en\/#website","url":"https:\/\/altosdetorona.com\/en\/","name":"Altos de Torona","description":"M\u00e1s que un vi\u00f1edo...","publisher":{"@id":"https:\/\/altosdetorona.com\/en\/#organization"},"potentialAction":[{"@type":"SearchAction","target":{"@type":"EntryPoint","urlTemplate":"https:\/\/altosdetorona.com\/en\/?s={search_term_string}"},"query-input":{"@type":"PropertyValueSpecification","valueRequired":true,"valueName":"search_term_string"}}],"inLanguage":"en-GB"},{"@type":"Organization","@id":"https:\/\/altosdetorona.com\/en\/#organization","name":"Altos de Torona","url":"https:\/\/altosdetorona.com\/en\/","logo":{"@type":"ImageObject","inLanguage":"en-GB","@id":"https:\/\/altosdetorona.com\/en\/#\/schema\/logo\/image\/","url":"https:\/\/altosdetorona.com\/web\/wp-content\/uploads\/2019\/05\/Logo-Altos-De-Torona-2019@2x.png","contentUrl":"https:\/\/altosdetorona.com\/web\/wp-content\/uploads\/2019\/05\/Logo-Altos-De-Torona-2019@2x.png","width":494,"height":117,"caption":"Altos de Torona"},"image":{"@id":"https:\/\/altosdetorona.com\/en\/#\/schema\/logo\/image\/"},"sameAs":["https:\/\/www.facebook.com\/altosdetorona\/","https:\/\/www.instagram.com\/altostorona\/"]}]}},"_links":{"self":[{"href":"https:\/\/altosdetorona.com\/en\/wp-json\/wp\/v2\/pages\/19","targetHints":{"allow":["GET"]}}],"collection":[{"href":"https:\/\/altosdetorona.com\/en\/wp-json\/wp\/v2\/pages"}],"about":[{"href":"https:\/\/altosdetorona.com\/en\/wp-json\/wp\/v2\/types\/page"}],"author":[{"embeddable":true,"href":"https:\/\/altosdetorona.com\/en\/wp-json\/wp\/v2\/users\/1"}],"replies":[{"embeddable":true,"href":"https:\/\/altosdetorona.com\/en\/wp-json\/wp\/v2\/comments?post=19"}],"version-history":[{"count":5,"href":"https:\/\/altosdetorona.com\/en\/wp-json\/wp\/v2\/pages\/19\/revisions"}],"predecessor-version":[{"id":249,"href":"https:\/\/altosdetorona.com\/en\/wp-json\/wp\/v2\/pages\/19\/revisions\/249"}],"wp:attachment":[{"href":"https:\/\/altosdetorona.com\/en\/wp-json\/wp\/v2\/media?parent=19"}],"curies":[{"name":"wp","href":"https:\/\/api.w.org\/{rel}","templated":true}]}}