{"id":1690,"date":"2021-02-04T17:55:03","date_gmt":"2021-02-04T16:55:03","guid":{"rendered":"https:\/\/altosdetorona.com\/bases-concurso-en-velero-con-maremel-copy\/"},"modified":"2021-02-04T19:56:47","modified_gmt":"2021-02-04T18:56:47","slug":"bases-sorteo-san-valentin","status":"publish","type":"page","link":"https:\/\/altosdetorona.com\/en\/bases-sorteo-san-valentin\/","title":{"rendered":"Bases sorteo San Valent\u00edn"},"content":{"rendered":"<div data-vc-full-width=\"true\" data-vc-full-width-init=\"false\" class=\"vc_row wpb_row vc_row-fluid vc_custom_1612459656589\"><div class=\"wpb_column vc_column_container vc_col-sm-12\"><div class=\"vc_column-inner\"><div class=\"wpb_wrapper\"><div class=\"vc_empty_space\"   style=\"height: 150px\"><span class=\"vc_empty_space_inner\"><\/span><\/div>\n\t<div class=\"wpb_text_column wpb_content_element\" >\n\t\t<div class=\"wpb_wrapper\">\n\t\t\t<p><a href=\"https:\/\/altosdetorona.com\/en\/\"><img loading=\"lazy\" decoding=\"async\" class=\"wp-image-184 alignleft\" src=\"https:\/\/altosdetorona.com\/web\/wp-content\/uploads\/2019\/05\/Logo-Altos-De-Torona-2019@2x.png\" alt=\"\" width=\"245\" height=\"58\" srcset=\"https:\/\/altosdetorona.com\/web\/wp-content\/uploads\/2019\/05\/Logo-Altos-De-Torona-2019@2x.png 494w, https:\/\/altosdetorona.com\/web\/wp-content\/uploads\/2019\/05\/Logo-Altos-De-Torona-2019@2x-300x71.png 300w\" sizes=\"auto, (max-width: 245px) 100vw, 245px\" \/><\/a><\/p>\n\n\t\t<\/div>\n\t<\/div>\n<div class=\"vc_empty_space\"   style=\"height: 200px\"><span class=\"vc_empty_space_inner\"><\/span><\/div><\/div><\/div><\/div><\/div><div class=\"vc_row-full-width vc_clearfix\"><\/div><!-- Row Backgrounds --><div class=\"upb_bg_img\" data-ultimate-bg=\"url(https:\/\/altosdetorona.com\/web\/wp-content\/uploads\/2021\/02\/OSTRA-RIZADA-2-scaled.jpg)\" data-image-id=\"id^1692|url^https:\/\/altosdetorona.com\/web\/wp-content\/uploads\/2021\/02\/OSTRA-RIZADA-2-scaled.jpg|caption^null|alt^null|title^OSTRA RIZADA 2|description^null\" data-ultimate-bg-style=\"vcpb-default\" data-bg-img-repeat=\"no-repeat\" data-bg-img-size=\"cover\" data-bg-img-position=\"\" data-parallx_sense=\"30\" data-bg-override=\"0\" data-bg_img_attach=\"scroll\" data-upb-overlay-color=\"\" data-upb-bg-animation=\"\" data-fadeout=\"\" data-bg-animation=\"left-animation\" data-bg-animation-type=\"h\" data-animation-repeat=\"repeat\" data-fadeout-percentage=\"30\" data-parallax-content=\"\" data-parallax-content-sense=\"30\" data-row-effect-mobile-disable=\"true\" data-img-parallax-mobile-disable=\"true\" data-rtl=\"false\"  data-custom-vc-row=\"\"  data-vc=\"6.5.0\"  data-is_old_vc=\"\"  data-theme-support=\"\"   data-overlay=\"false\" data-overlay-color=\"\" data-overlay-pattern=\"\" data-overlay-pattern-opacity=\"\" data-overlay-pattern-size=\"\"    ><\/div><div data-vc-full-width=\"true\" data-vc-full-width-init=\"false\" class=\"vc_row wpb_row vc_row-fluid\"><div class=\"wpb_column vc_column_container vc_col-sm-12\"><div class=\"vc_column-inner\"><div class=\"wpb_wrapper\">\n\t<div class=\"wpb_text_column wpb_content_element  vc_custom_1612465006824\" >\n\t\t<div class=\"wpb_wrapper\">\n\t\t\t<h1><strong>Bases Sorteo \u201cSan Valent\u00edn 2021\u201d<\/strong><\/h1>\n<p>&nbsp;<\/p>\n<p>El mar nos agita, nos calma, nos emociona\u2026 \u00bfExiste alguna fuerza que lo pueda igualar en intensidad y bravura? \u2026 el amor \u2764\ufe0f<\/p>\n<p>Para celebrar estas fechas de fuerzas encontradas, te proponemos un reto:<\/p>\n<p>Comparte un comentario en nuestras redes mencionando que productos del mar consideras perfectos para maridar con nuestro Altos de Torona Albari\u00f1o Brut. No olvides seguirnos y compartir esa publicaci\u00f3n.<\/p>\n<p>A los dos comentarios ganadores, les obsequiaremos con una caja de ostras y una botella de nuestro exclusivo espumoso.<\/p>\n<p>Feliz San Valent\u00edn.<\/p>\n<p><strong>BASES CONCURSO \u2013 San Valent\u00edn 2021<\/strong><\/p>\n<p><strong>ART\u00cdCULO 1 &#8211; ORGANIZACI\u00d3N<\/strong><\/p>\n<p><strong>1.1<\/strong> <strong>&#8211;<\/strong>Bodegas Altos de Torona organiza el sorteo \u00a0\u201cSan Valent\u00edn 2021\u201d<\/p>\n<p><strong>1.2 &#8211;<\/strong> Desvinculaci\u00f3n con respecto a Facebook e Instagram<\/p>\n<p>Facebook e Instagram no patrocinan, avalan ni administran de modo alguno esta promoci\u00f3n, ni est\u00e1n asociados a ella. El usuario se desvincula totalmente de Facebook e Instagram y es consciente de que est\u00e1 proporcionando su informaci\u00f3n a la empresa HGA bodegas y vi\u00f1edos de altura S.L. (en adelante Bodegas Altos de Torona)<\/p>\n<p><strong>ART\u00cdCULO 2 &#8211; PARTICIPACI\u00d3N<\/strong><\/p>\n<p>El presente sorteo est\u00e1 abierto a cualquier persona f\u00edsica mayor de 18 a\u00f1os, quedando excluido el personal del grupo bodeguero HGA Bodegas y Vi\u00f1edos de Altura, S.L., as\u00ed como sus familiares en primer grado. El ganador deber\u00e1 justificar dichas condiciones antes de recibir el premio. El incumplimiento de alguno de los requisitos ser\u00e1 motivo suficiente para no ser ganador del premio y, por tanto, la organizaci\u00f3n del sorteo podr\u00e1 seleccionar otro ganador.<\/p>\n<p><strong>MEC\u00c1NICA DEL CONCURSO<\/strong><\/p>\n<p><strong>2.1 &#8211;<\/strong> A trav\u00e9s del presente concurso, Altos de Torona pide a sus seguidores en Instagram y Facebook que:<\/p>\n<ol>\n<li>Seguir a Bodegas Altos de Torona (@altostorona) en Instagram y\/o Facebook<\/li>\n<li>Mencionar o etiquetar en su comentario con qui\u00e9n compartir\u00edan ese momento tan especial para disfrutar de unas ostras y Altos de Torona Brut.<\/li>\n<li>Compartir dicha publicaci\u00f3n en su perfil personal.<\/li>\n<\/ol>\n<p><strong>2.2 &#8211;<\/strong> La participaci\u00f3n en el concurso implica la aceptaci\u00f3n expresa y sin reservas del presente reglamento, en todas sus estipulaciones y normativa que resulte de aplicaci\u00f3n.<\/p>\n<p><strong>ART\u00cdCULO 3 \u2013 SORTEO<\/strong><\/p>\n<p>El plazo para participar en el sorteo comienza el 5 de febrero de 2021 y finaliza a las 11:59 horas del martes 9 de febrero de 2021. Los dos ganadores ser\u00e1n las personas que, habiendo participado correctamente en el sorteo, obtenga el n\u00famero ganador que saldr\u00e1 a trav\u00e9s de la aplicaci\u00f3n Random.org (<a href=\"https:\/\/l.facebook.com\/l.php?u=https%3A%2F%2Fwww.random.org%2F%3Ffbclid%3DIwAR22GMauLq30nAeAzcuY74TVHtIRZgHMZcqd101-l65EgjN_K1PNEnORVPg&amp;h=AT1drKmLjac3OXAffo_JHCtiJtP4lybj7EQScmP8Qb-pM3jwsRhlgL4ScpFOhQMyU4YiHDsVb-ZdOvy8Hs2a368N_xrvbw_9eop-Tlwq85aSElqkHFoVOh4kHLo0Q4ZXLyrsIYS-n5Z4RDSZXWnAEE7B\">https:\/\/www.random.org\/<\/a>). El nombre del ganador\/a del sorteo se dar\u00e1 a conocer a lo largo del martes 9 de febrero.<\/p>\n<p>Cualquier dato o registro incompleto o inexacto se considerar\u00e1 nulo y no permitir\u00e1 obtener el premio correspondiente. Las participaciones en el sorteo se anular\u00e1n si son err\u00f3neas, duplicadas en algunos de sus datos, est\u00e1n incompletas o realizadas de manera que contravenga las presentes bases legales.<\/p>\n<p>Si la persona ganadora no acepta el premio o no confirma sus datos personales en el plazo de 24 horas desde que \u00e9ste es comunicado, se considerar\u00e1 que renuncia definitivamente a su premio y se proceder\u00e1 a informar al ganador suplente.<\/p>\n<p><strong>ART\u00cdCULO 4 \u2013 PREMIO<\/strong><\/p>\n<p>El premio consistir\u00e1 en:<\/p>\n<ul>\n<li>Una bandeja de ostras frescas de tipo rizadas de origen gallego (12 unidades)<\/li>\n<li>Una botella de Altos de Torona Albari\u00f1o Brut.<\/li>\n<\/ul>\n<p>Para poder hacer efectivo el premio, una vez anunciado a los ganadores, se convendr\u00e1 con ellos la direcci\u00f3n de entrega.<\/p>\n<p>El premio se notificar\u00e1 al ganador a trav\u00e9s de los canales facilitados para ello. La presente promoci\u00f3n tendr\u00e1 car\u00e1cter gratuito, de manera tal que, para el disfrute del premio no ser\u00e1 necesario el desembolso de cantidad dineraria alguna.<\/p>\n<p>El premio no ser\u00e1 en ning\u00fan caso, canjeable por dinero.<\/p>\n<p><strong>ART\u00cdCULO 5: PROTECCI\u00d3N DE DATOS<\/strong><\/p>\n<p>Los datos facilitados en este site a trav\u00e9s del formulario facilitado para tal efecto, ser\u00e1n almacenados por BODEGAS ALTOS DE TORONA S.A.U., pudiendo ser empleados para esta y\/o futuras promociones. La empresa se reserva el derecho de ced\u00e9rselos a terceros para su gesti\u00f3n comercial.<\/p>\n<p>Los datos facilitados por el ganador y el de sus acompa\u00f1antes, s\u00ed ser\u00e1n compartidos con la empresa responsable de la entrega de los productos.<\/p>\n\n\t\t<\/div>\n\t<\/div>\n<div class=\"vc_empty_space\"   style=\"height: 50px\"><span class=\"vc_empty_space_inner\"><\/span><\/div>\r\n\t\t\t<div class=\"ult_dual_button  ult-adjust-bottom-margin to-center\"  data-response=\"on\" id=\"ult_btn_489907353\">\r\n\r\n\t\t\t<div id=\"dualbtn-6648\" class=\"ulitmate_dual_buttons ult-dual-btn3 ult_main_dualbtn\" data-bcolor=\"#333333\"data-bhcolor=\"\">\r\n\r\n\t\t\t<div class=\"ult_dualbutton-wrapper btn-inline place-template bt1\"><a href=\"https:\/\/www.facebook.com\/altosdetorona\" target=\"_blank\" rel=\"nofollow noopener\"  class=\"ult_ivan_button round-square with-icon icon-before with-text place-template ult_dual1\" style=\";margin-right:px;;background-color:rgba(0,95,178,0.77) !important;; border-color:#333333;border-style:;border-width:0px;border-radius:px;;\">\r\n\t\t\t<span class=\"ult-dual-btn-1 Style 2\" style=\"\"  data-bgcolor=\"rgba(0,95,178,0.77)\" data-bghovercolor=\"#005fb2\" data-icon_color=\"#ffffff\" data-icon_hover_color=\"#ffffff\" data-textcolor=\"#ffffff\" data-texthovercolor=\"#ffffff\" data-iconbgcolor=\"transperent\" data-iconbghovercolor=\"transperent\" data-iconborder=\"transperent\" data-iconhoverborder=\"transperent\" >\r\n\t\t\t<span class=\"icon-simple icon-left1 ult_btn1span ult-dual-btn-no-icon\"  style=\";padding-left:0px; \"><\/span>\r\n\t\t\t<span class=\"text-btn ult-dual-button-title ult-responsive\"  data-ultimate-target='#dualbtn-6648 .ult-dual-button-title'  data-responsive-json-new='{\"font-size\":\"desktop:13px;\",\"line-height\":\"desktop:13px;\"}'  style=\"font-weight:normal;color:#ffffff;\">IR A FACEBOOK<\/span>\r\n\r\n\t\t\t<\/span>\r\n\t\t\t<\/a><span class=\"middle-text\" style=\"line-height: 1.8em;color:#ffffff;background-color:#ffffff;border-width:0px;\">\r\n\t\t\t<span class=\"middle-inner\"  >or<\/span>\r\n\t\t\t<\/span>\r\n\r\n\t\t\t<\/div>\r\n\r\n\t\t\t<div class=\"ult_dualbutton-wrapper btn-inline place-template btn2\"><a href=\"https:\/\/www.instagram.com\/altostorona\/?hl=es\" target=\"_blank\" rel=\"nofollow noopener\"  class=\"ult_ivan_button round-square with-icon icon-after with-text place-template ult_dual2\"  style=\";background-color:rgba(206,0,110,0.77) !important;;margin-left:px;;border-color:#333333;border-style:;border-width:0px;border-radius:px;\">\r\n\t\t\t<span class=\"ult-dual-btn-2 Style 2\"  data-bgcolor=\"rgba(206,0,110,0.77)\" data-bghovercolor=\"#ce006e\" data-icon_color=\"#ffffff\" data-icon_hover_color=\"#333333\" data-textcolor=\"#ffffff\" data-texthovercolor=\"#ffffff\" data-iconbgcolor=\"transperent\" data-iconbghovercolor=\"transperent\" data-iconborder=\"transperent\" data-iconhoverborder=\"transperent\" >\r\n\t\t\t<span class=\"text-btn ult-dual-button-title\" style=\"font-weight:normal;color:#ffffff;\">IR A INSTAGRAM<\/span>\r\n\r\n\t\t\t<span class=\"icon-simple icon-right2 ult_btn1span ult-dual-btn-no-icon\"  style=\";padding-left:0px; \"><\/span>\r\n\t\t\t<\/span>\r\n\t\t\t<\/a><\/div>\r\n\t\t\t<\/div>\r\n\t\t\t<\/div><div class=\"vc_empty_space\"   style=\"height: 50px\"><span class=\"vc_empty_space_inner\"><\/span><\/div><\/div><\/div><\/div><\/div><div class=\"vc_row-full-width vc_clearfix\"><\/div>","protected":false},"excerpt":{"rendered":"Bases Sorteo \u201cSan Valent\u00edn 2021\u201d &nbsp; El mar nos agita, nos calma, nos emociona\u2026 \u00bfExiste alguna fuerza que lo pueda igualar en intensidad y bravura? \u2026 el amor \u2764\ufe0f Para celebrar estas fechas de fuerzas encontradas, te proponemos un reto: Comparte un comentario en nuestras redes mencionando que productos del mar consideras perfectos para maridar con nuestro Altos de Torona Albari\u00f1o Brut. No olvides seguirnos y compartir esa publicaci\u00f3n. A los dos comentarios ganadores, les obsequiaremos con una caja de ostras y una botella de nuestro exclusivo espumoso. Feliz San Valent\u00edn. BASES CONCURSO \u2013 San Valent\u00edn 2021 ART\u00cdCULO 1 - ORGANIZACI\u00d3N 1.1 -Bodegas Altos de Torona organiza el sorteo \u00a0\u201cSan Valent\u00edn 2021\u201d 1.2 - Desvinculaci\u00f3n con respecto a Facebook e Instagram Facebook e Instagram no patrocinan, avalan ni administran de modo alguno esta promoci\u00f3n, ni est\u00e1n asociados a ella. El usuario se desvincula totalmente de Facebook e Instagram y es consciente de que est\u00e1 proporcionando su informaci\u00f3n a la empresa HGA bodegas y vi\u00f1edos de altura S.L. (en adelante Bodegas Altos de Torona) ART\u00cdCULO 2 - PARTICIPACI\u00d3N El presente sorteo est\u00e1 abierto a cualquier persona f\u00edsica mayor de 18 a\u00f1os, quedando excluido el personal del grupo bodeguero HGA Bodegas y Vi\u00f1edos de Altura, S.L., as\u00ed como sus familiares en primer grado. El ganador deber\u00e1 justificar dichas condiciones antes de recibir el premio. El incumplimiento de alguno de los requisitos ser\u00e1 motivo suficiente para no ser ganador del premio y, por tanto, la organizaci\u00f3n del sorteo podr\u00e1 seleccionar otro ganador. MEC\u00c1NICA DEL CONCURSO 2.1 - A trav\u00e9s del presente concurso, Altos de Torona pide a sus seguidores en Instagram y Facebook que: Seguir a Bodegas Altos de Torona (@altostorona) en Instagram y\/o Facebook Mencionar o etiquetar en su comentario con qui\u00e9n compartir\u00edan ese momento tan especial para disfrutar de unas ostras y Altos de Torona Brut. Compartir dicha publicaci\u00f3n en su perfil personal. 2.2 - La participaci\u00f3n en el concurso implica la aceptaci\u00f3n expresa y sin reservas del presente reglamento, en todas sus estipulaciones y normativa que resulte de aplicaci\u00f3n. ART\u00cdCULO 3 \u2013 SORTEO El plazo para participar en el sorteo comienza el 5 de febrero de 2021 y finaliza a las 11:59 horas del martes 9 de febrero de 2021. Los dos ganadores ser\u00e1n las personas que, habiendo participado correctamente en el sorteo, obtenga el n\u00famero ganador que saldr\u00e1 a trav\u00e9s de la aplicaci\u00f3n Random.org (https:\/\/www.random.org\/). El nombre del ganador\/a del sorteo se dar\u00e1 a conocer a lo largo del martes 9 de febrero. Cualquier dato o registro incompleto o inexacto se considerar\u00e1 nulo y no permitir\u00e1 obtener el premio correspondiente. Las participaciones en el sorteo se anular\u00e1n si son err\u00f3neas, duplicadas en algunos de sus datos, est\u00e1n incompletas o realizadas de manera que contravenga las presentes bases legales. Si la persona ganadora no acepta el premio o no confirma sus datos personales en el plazo de 24 horas desde que \u00e9ste es comunicado, se considerar\u00e1 que renuncia definitivamente a su premio y se proceder\u00e1 a informar al ganador suplente. ART\u00cdCULO 4 \u2013 PREMIO El premio consistir\u00e1 en: Una bandeja de ostras frescas de tipo rizadas de origen gallego (12 unidades) Una botella de Altos de Torona Albari\u00f1o Brut. Para poder hacer efectivo el premio, una vez anunciado a los ganadores, se convendr\u00e1 con ellos la direcci\u00f3n de entrega. El premio se notificar\u00e1 al ganador a trav\u00e9s de los canales facilitados para ello. La presente promoci\u00f3n tendr\u00e1 car\u00e1cter gratuito, de manera tal que, para el disfrute del premio no ser\u00e1 necesario el desembolso de cantidad dineraria alguna. El premio no ser\u00e1 en ning\u00fan caso, canjeable por dinero. ART\u00cdCULO 5: PROTECCI\u00d3N DE DATOS Los datos facilitados en este site a trav\u00e9s del formulario facilitado para tal efecto, ser\u00e1n almacenados por BODEGAS ALTOS DE TORONA S.A.U., pudiendo ser empleados para esta y\/o futuras promociones. La empresa se reserva el derecho de ced\u00e9rselos a terceros para su gesti\u00f3n comercial. Los datos facilitados por el ganador y el de sus acompa\u00f1antes, s\u00ed ser\u00e1n compartidos con la empresa responsable de la entrega de los productos. IR A FACEBOOK or IR A INSTAGRAM","protected":false},"author":1,"featured_media":1692,"parent":0,"menu_order":0,"comment_status":"closed","ping_status":"closed","template":"","meta":{"footnotes":""},"class_list":["post-1690","page","type-page","status-publish","has-post-thumbnail","hentry","entry","post-inner"],"yoast_head":"<!-- This site is optimized with the Yoast SEO plugin v27.5 - https:\/\/yoast.com\/product\/yoast-seo-wordpress\/ -->\n<title>Bases sorteo San Valent\u00edn | Altos de Torona<\/title>\n<meta name=\"robots\" content=\"index, follow, max-snippet:-1, max-image-preview:large, max-video-preview:-1\" \/>\n<link rel=\"canonical\" href=\"https:\/\/altosdetorona.com\/en\/bases-sorteo-san-valentin\/\" \/>\n<meta property=\"og:locale\" content=\"en_GB\" \/>\n<meta property=\"og:type\" content=\"article\" \/>\n<meta property=\"og:title\" content=\"Bases sorteo San Valent\u00edn | Altos de Torona\" \/>\n<meta property=\"og:url\" content=\"https:\/\/altosdetorona.com\/en\/bases-sorteo-san-valentin\/\" \/>\n<meta property=\"og:site_name\" content=\"Altos de Torona\" \/>\n<meta property=\"article:publisher\" content=\"https:\/\/www.facebook.com\/altosdetorona\/\" \/>\n<meta property=\"article:modified_time\" content=\"2021-02-04T18:56:47+00:00\" \/>\n<meta property=\"og:image\" content=\"https:\/\/altosdetorona.com\/web\/wp-content\/uploads\/2021\/02\/OSTRA-RIZADA-2-scaled.jpg\" \/>\n\t<meta property=\"og:image:width\" content=\"2560\" \/>\n\t<meta property=\"og:image:height\" content=\"1144\" \/>\n\t<meta property=\"og:image:type\" content=\"image\/jpeg\" \/>\n<meta name=\"twitter:card\" content=\"summary_large_image\" \/>\n<meta name=\"twitter:label1\" content=\"Estimated reading time\" \/>\n\t<meta name=\"twitter:data1\" content=\"5 minutes\" \/>\n<script type=\"application\/ld+json\" class=\"yoast-schema-graph\">{\"@context\":\"https:\\\/\\\/schema.org\",\"@graph\":[{\"@type\":\"WebPage\",\"@id\":\"https:\\\/\\\/altosdetorona.com\\\/en\\\/bases-sorteo-san-valentin\\\/\",\"url\":\"https:\\\/\\\/altosdetorona.com\\\/en\\\/bases-sorteo-san-valentin\\\/\",\"name\":\"Bases sorteo San Valent\u00edn | Altos de Torona\",\"isPartOf\":{\"@id\":\"https:\\\/\\\/altosdetorona.com\\\/en\\\/#website\"},\"primaryImageOfPage\":{\"@id\":\"https:\\\/\\\/altosdetorona.com\\\/en\\\/bases-sorteo-san-valentin\\\/#primaryimage\"},\"image\":{\"@id\":\"https:\\\/\\\/altosdetorona.com\\\/en\\\/bases-sorteo-san-valentin\\\/#primaryimage\"},\"thumbnailUrl\":\"https:\\\/\\\/altosdetorona.com\\\/web\\\/wp-content\\\/uploads\\\/2021\\\/02\\\/OSTRA-RIZADA-2-scaled.jpg\",\"datePublished\":\"2021-02-04T16:55:03+00:00\",\"dateModified\":\"2021-02-04T18:56:47+00:00\",\"breadcrumb\":{\"@id\":\"https:\\\/\\\/altosdetorona.com\\\/en\\\/bases-sorteo-san-valentin\\\/#breadcrumb\"},\"inLanguage\":\"en-GB\",\"potentialAction\":[{\"@type\":\"ReadAction\",\"target\":[\"https:\\\/\\\/altosdetorona.com\\\/en\\\/bases-sorteo-san-valentin\\\/\"]}]},{\"@type\":\"ImageObject\",\"inLanguage\":\"en-GB\",\"@id\":\"https:\\\/\\\/altosdetorona.com\\\/en\\\/bases-sorteo-san-valentin\\\/#primaryimage\",\"url\":\"https:\\\/\\\/altosdetorona.com\\\/web\\\/wp-content\\\/uploads\\\/2021\\\/02\\\/OSTRA-RIZADA-2-scaled.jpg\",\"contentUrl\":\"https:\\\/\\\/altosdetorona.com\\\/web\\\/wp-content\\\/uploads\\\/2021\\\/02\\\/OSTRA-RIZADA-2-scaled.jpg\",\"width\":2560,\"height\":1144},{\"@type\":\"BreadcrumbList\",\"@id\":\"https:\\\/\\\/altosdetorona.com\\\/en\\\/bases-sorteo-san-valentin\\\/#breadcrumb\",\"itemListElement\":[{\"@type\":\"ListItem\",\"position\":1,\"name\":\"Portada\",\"item\":\"https:\\\/\\\/altosdetorona.com\\\/en\\\/\"},{\"@type\":\"ListItem\",\"position\":2,\"name\":\"Bases sorteo San Valent\u00edn\"}]},{\"@type\":\"WebSite\",\"@id\":\"https:\\\/\\\/altosdetorona.com\\\/en\\\/#website\",\"url\":\"https:\\\/\\\/altosdetorona.com\\\/en\\\/\",\"name\":\"Altos de Torona\",\"description\":\"M\u00e1s que un vi\u00f1edo...\",\"publisher\":{\"@id\":\"https:\\\/\\\/altosdetorona.com\\\/en\\\/#organization\"},\"potentialAction\":[{\"@type\":\"SearchAction\",\"target\":{\"@type\":\"EntryPoint\",\"urlTemplate\":\"https:\\\/\\\/altosdetorona.com\\\/en\\\/?s={search_term_string}\"},\"query-input\":{\"@type\":\"PropertyValueSpecification\",\"valueRequired\":true,\"valueName\":\"search_term_string\"}}],\"inLanguage\":\"en-GB\"},{\"@type\":\"Organization\",\"@id\":\"https:\\\/\\\/altosdetorona.com\\\/en\\\/#organization\",\"name\":\"Altos de Torona\",\"url\":\"https:\\\/\\\/altosdetorona.com\\\/en\\\/\",\"logo\":{\"@type\":\"ImageObject\",\"inLanguage\":\"en-GB\",\"@id\":\"https:\\\/\\\/altosdetorona.com\\\/en\\\/#\\\/schema\\\/logo\\\/image\\\/\",\"url\":\"https:\\\/\\\/altosdetorona.com\\\/web\\\/wp-content\\\/uploads\\\/2019\\\/05\\\/Logo-Altos-De-Torona-2019@2x.png\",\"contentUrl\":\"https:\\\/\\\/altosdetorona.com\\\/web\\\/wp-content\\\/uploads\\\/2019\\\/05\\\/Logo-Altos-De-Torona-2019@2x.png\",\"width\":494,\"height\":117,\"caption\":\"Altos de Torona\"},\"image\":{\"@id\":\"https:\\\/\\\/altosdetorona.com\\\/en\\\/#\\\/schema\\\/logo\\\/image\\\/\"},\"sameAs\":[\"https:\\\/\\\/www.facebook.com\\\/altosdetorona\\\/\",\"https:\\\/\\\/www.instagram.com\\\/altostorona\\\/\"]}]}<\/script>\n<!-- \/ Yoast SEO plugin. -->","yoast_head_json":{"title":"Bases sorteo San Valent\u00edn | Altos de Torona","robots":{"index":"index","follow":"follow","max-snippet":"max-snippet:-1","max-image-preview":"max-image-preview:large","max-video-preview":"max-video-preview:-1"},"canonical":"https:\/\/altosdetorona.com\/en\/bases-sorteo-san-valentin\/","og_locale":"en_GB","og_type":"article","og_title":"Bases sorteo San Valent\u00edn | Altos de Torona","og_url":"https:\/\/altosdetorona.com\/en\/bases-sorteo-san-valentin\/","og_site_name":"Altos de Torona","article_publisher":"https:\/\/www.facebook.com\/altosdetorona\/","article_modified_time":"2021-02-04T18:56:47+00:00","og_image":[{"width":2560,"height":1144,"url":"https:\/\/altosdetorona.com\/web\/wp-content\/uploads\/2021\/02\/OSTRA-RIZADA-2-scaled.jpg","type":"image\/jpeg"}],"twitter_card":"summary_large_image","twitter_misc":{"Estimated reading time":"5 minutes"},"schema":{"@context":"https:\/\/schema.org","@graph":[{"@type":"WebPage","@id":"https:\/\/altosdetorona.com\/en\/bases-sorteo-san-valentin\/","url":"https:\/\/altosdetorona.com\/en\/bases-sorteo-san-valentin\/","name":"Bases sorteo San Valent\u00edn | Altos de Torona","isPartOf":{"@id":"https:\/\/altosdetorona.com\/en\/#website"},"primaryImageOfPage":{"@id":"https:\/\/altosdetorona.com\/en\/bases-sorteo-san-valentin\/#primaryimage"},"image":{"@id":"https:\/\/altosdetorona.com\/en\/bases-sorteo-san-valentin\/#primaryimage"},"thumbnailUrl":"https:\/\/altosdetorona.com\/web\/wp-content\/uploads\/2021\/02\/OSTRA-RIZADA-2-scaled.jpg","datePublished":"2021-02-04T16:55:03+00:00","dateModified":"2021-02-04T18:56:47+00:00","breadcrumb":{"@id":"https:\/\/altosdetorona.com\/en\/bases-sorteo-san-valentin\/#breadcrumb"},"inLanguage":"en-GB","potentialAction":[{"@type":"ReadAction","target":["https:\/\/altosdetorona.com\/en\/bases-sorteo-san-valentin\/"]}]},{"@type":"ImageObject","inLanguage":"en-GB","@id":"https:\/\/altosdetorona.com\/en\/bases-sorteo-san-valentin\/#primaryimage","url":"https:\/\/altosdetorona.com\/web\/wp-content\/uploads\/2021\/02\/OSTRA-RIZADA-2-scaled.jpg","contentUrl":"https:\/\/altosdetorona.com\/web\/wp-content\/uploads\/2021\/02\/OSTRA-RIZADA-2-scaled.jpg","width":2560,"height":1144},{"@type":"BreadcrumbList","@id":"https:\/\/altosdetorona.com\/en\/bases-sorteo-san-valentin\/#breadcrumb","itemListElement":[{"@type":"ListItem","position":1,"name":"Portada","item":"https:\/\/altosdetorona.com\/en\/"},{"@type":"ListItem","position":2,"name":"Bases sorteo San Valent\u00edn"}]},{"@type":"WebSite","@id":"https:\/\/altosdetorona.com\/en\/#website","url":"https:\/\/altosdetorona.com\/en\/","name":"Altos de Torona","description":"M\u00e1s que un vi\u00f1edo...","publisher":{"@id":"https:\/\/altosdetorona.com\/en\/#organization"},"potentialAction":[{"@type":"SearchAction","target":{"@type":"EntryPoint","urlTemplate":"https:\/\/altosdetorona.com\/en\/?s={search_term_string}"},"query-input":{"@type":"PropertyValueSpecification","valueRequired":true,"valueName":"search_term_string"}}],"inLanguage":"en-GB"},{"@type":"Organization","@id":"https:\/\/altosdetorona.com\/en\/#organization","name":"Altos de Torona","url":"https:\/\/altosdetorona.com\/en\/","logo":{"@type":"ImageObject","inLanguage":"en-GB","@id":"https:\/\/altosdetorona.com\/en\/#\/schema\/logo\/image\/","url":"https:\/\/altosdetorona.com\/web\/wp-content\/uploads\/2019\/05\/Logo-Altos-De-Torona-2019@2x.png","contentUrl":"https:\/\/altosdetorona.com\/web\/wp-content\/uploads\/2019\/05\/Logo-Altos-De-Torona-2019@2x.png","width":494,"height":117,"caption":"Altos de Torona"},"image":{"@id":"https:\/\/altosdetorona.com\/en\/#\/schema\/logo\/image\/"},"sameAs":["https:\/\/www.facebook.com\/altosdetorona\/","https:\/\/www.instagram.com\/altostorona\/"]}]}},"_links":{"self":[{"href":"https:\/\/altosdetorona.com\/en\/wp-json\/wp\/v2\/pages\/1690","targetHints":{"allow":["GET"]}}],"collection":[{"href":"https:\/\/altosdetorona.com\/en\/wp-json\/wp\/v2\/pages"}],"about":[{"href":"https:\/\/altosdetorona.com\/en\/wp-json\/wp\/v2\/types\/page"}],"author":[{"embeddable":true,"href":"https:\/\/altosdetorona.com\/en\/wp-json\/wp\/v2\/users\/1"}],"replies":[{"embeddable":true,"href":"https:\/\/altosdetorona.com\/en\/wp-json\/wp\/v2\/comments?post=1690"}],"version-history":[{"count":5,"href":"https:\/\/altosdetorona.com\/en\/wp-json\/wp\/v2\/pages\/1690\/revisions"}],"predecessor-version":[{"id":1698,"href":"https:\/\/altosdetorona.com\/en\/wp-json\/wp\/v2\/pages\/1690\/revisions\/1698"}],"wp:featuredmedia":[{"embeddable":true,"href":"https:\/\/altosdetorona.com\/en\/wp-json\/wp\/v2\/media\/1692"}],"wp:attachment":[{"href":"https:\/\/altosdetorona.com\/en\/wp-json\/wp\/v2\/media?parent=1690"}],"curies":[{"name":"wp","href":"https:\/\/api.w.org\/{rel}","templated":true}]}}