{"id":1600,"date":"2020-11-12T19:23:51","date_gmt":"2020-11-12T18:23:51","guid":{"rendered":"https:\/\/altosdetorona.com\/?page_id=1600"},"modified":"2024-08-07T09:01:09","modified_gmt":"2024-08-07T07:01:09","slug":"politica-de-produccion","status":"publish","type":"page","link":"https:\/\/altosdetorona.com\/en\/politica-de-produccion\/","title":{"rendered":"Pol\u00edtica de producci\u00f3n"},"content":{"rendered":"<div class=\"vc_row wpb_row vc_row-fluid\"><div class=\"wpb_column vc_column_container vc_col-sm-12\"><div class=\"vc_column-inner\"><div class=\"wpb_wrapper\"><div class=\"vc_empty_space\"   style=\"height: 32px\"><span class=\"vc_empty_space_inner\"><\/span><\/div>\n\t<div class=\"wpb_text_column wpb_content_element\" >\n\t\t<div class=\"wpb_wrapper\">\n\t\t\t<h1>Pol\u00edtica de producci\u00f3n<\/h1>\n\n\t\t<\/div>\n\t<\/div>\n<div class=\"vc_empty_space\"   style=\"height: 32px\"><span class=\"vc_empty_space_inner\"><\/span><\/div><\/div><\/div><\/div><\/div><div class=\"vc_row wpb_row vc_row-fluid\"><div class=\"wpb_column vc_column_container vc_col-sm-12\"><div class=\"vc_column-inner\"><div class=\"wpb_wrapper\">\n\t<div class=\"wpb_text_column wpb_content_element\" >\n\t\t<div class=\"wpb_wrapper\">\n\t\t\t<p>En <strong>BODEGAS ALTOS DE TORONA, S.A.<\/strong>, se<em> elabora, mezcla y embotella vinos<\/em>. Durante todo el proceso, desde la recepci\u00f3n de uva, mosto o vino hasta el embotellado, al Vino se le realizan distintos controles f\u00edsicos, qu\u00edmicos y bacteriol\u00f3gicos, a fin de garantizar la seguridad, salubridad del producto, as\u00ed como la Gesti\u00f3n Medioambiental de la Bodega. Es por esto que la Gerencia de <strong>BODEGAS ALTOS DE TORONA, S.A. <\/strong>declara formalmente la necesidad de mantener y mejorar un Sistema de Gesti\u00f3n, basando sus principios y objetivos generales, en la Pol\u00edtica expuesta a continuaci\u00f3n:<\/p>\n\n\t\t<\/div>\n\t<\/div>\n<div class=\"vc_empty_space\"   style=\"height: 32px\"><span class=\"vc_empty_space_inner\"><\/span><\/div><\/div><\/div><\/div><\/div><div class=\"vc_row wpb_row vc_row-fluid vc_custom_1605205671783\"><div class=\"wpb_column vc_column_container vc_col-sm-12\"><div class=\"vc_column-inner\"><div class=\"wpb_wrapper\">\n\t<div class=\"wpb_text_column wpb_content_element\" >\n\t\t<div class=\"wpb_wrapper\">\n\t\t\t<ul>\n<li><strong>Fomentar una cultura de seguridad alimentaria<\/strong> en la organizaci\u00f3n y todos sus empleados lo que conllevar\u00e1 a prevenir y detectar posibles deviaciones en los procesos que afecten a la seguridad alimentaria del vino elaborado, as\u00ed como a impulsar la mejora continua.<\/li>\n<li>La plena <strong>satisfacci\u00f3n<\/strong> de las <strong>necesidades<\/strong> de nuestros <strong>Clientes<\/strong>, cumpliendo tanto sus especificaciones como las disposiciones legales o reglamentarias que puedan ser aplicables.<\/li>\n<li>Analizar permanentemente toda la informaci\u00f3n, tanto la propia como la recabada de nuestros <strong>clientes,<\/strong> <strong>partes interesadas y\/o proveedores<\/strong>, para detectar <strong>riesgos y oportunidades de mejora y optimizar los servicios prestados<\/strong> dentro de lo posible, <strong>adaptando<\/strong> las gamas de producto a las demandas de los clientes, sus necesidades y expectativas.<\/li>\n<li><strong>Pol\u00edtica comercial <\/strong>enfocada al posicionamiento en el mercado y a la sostenibilidad del negocio.<\/li>\n<li><strong>Mejorar de forma contin\u00faa<\/strong> las actividades realizadas por la empresa, en cualquier orden, directas e indirectas, y en consecuencia <strong>el Sistema de Gesti\u00f3n<\/strong>.<\/li>\n<li><strong>Involucrar a la estructura global de la Empresa<\/strong> en la mejora de sus procesos, incluyendo la de sus colaboradores, permitiendo a la Empresa ser m\u00e1s eficaz y competitiva, mejorando su posicionamiento en el mercado.<\/li>\n<li>Adquirir un <strong>compromiso para la protecci\u00f3n del medioambiente<\/strong> incluida la <strong>prevenci\u00f3n y minimizaci\u00f3n de la contaminaci\u00f3n<\/strong>, incidiendo en reducir los impactos ambientales de los servicios realizados.<\/li>\n<li>Potenciar una <strong>formaci\u00f3n adecuada<\/strong>, <strong>sensibilizaci\u00f3n y concienciaci\u00f3n<\/strong> de todos los niveles de la organizaci\u00f3n, que cada trabajador sea consciente de sus responsabilidades y de la importancia de la implicaci\u00f3n en el sistema de inocuidad alimentaria de los productos elaborados y el respeto al Medio Ambiente.<\/li>\n<li>Proporcionar a nuestros trabajadores informaci\u00f3n sobre los <strong>aspectos ambientales de nuestras actividades <\/strong>as\u00ed como los medios que sean necesarios para prevenirlos o minimizarlos y los <strong>objetivos<\/strong> establecidos y explicar la necesidad de implicaci\u00f3n para su consecuci\u00f3n.<\/li>\n<li><strong>Cumplir con los requisitos legales<\/strong> que la organizaci\u00f3n suscriba y que est\u00e9n relacionados con los <strong>Aspectos Medioambientales<\/strong>.<\/li>\n<li>Fomentar una pol\u00edtica de <strong>responsabilidad \u00e9tica y laboral con los trabajadores, <\/strong>llev\u00e1ndose a cabo una formaci\u00f3n continuada, cambio de puesto de trabajo para evitar monoton\u00eda y permitir al trabajador una comparativa de puestos y adaptabilidad a los mismos.<\/li>\n<li>Cumplir los requisitos definidos por la norma IFS.<\/li>\n<\/ul>\n\n\t\t<\/div>\n\t<\/div>\n<\/div><\/div><\/div><\/div><!-- Row Backgrounds --><div class=\"upb_color\" data-bg-override=\"0\" data-bg-color=\"#f2f2f2\" data-fadeout=\"\" data-fadeout-percentage=\"30\" data-parallax-content=\"\" data-parallax-content-sense=\"30\" data-row-effect-mobile-disable=\"true\" data-img-parallax-mobile-disable=\"true\" data-rtl=\"false\"  data-custom-vc-row=\"\"  data-vc=\"6.5.0\"  data-is_old_vc=\"\"  data-theme-support=\"\"   data-overlay=\"false\" data-overlay-color=\"\" data-overlay-pattern=\"\" data-overlay-pattern-opacity=\"\" data-overlay-pattern-size=\"\"    ><\/div><div class=\"vc_row wpb_row vc_row-fluid\"><div class=\"wpb_column vc_column_container vc_col-sm-12\"><div class=\"vc_column-inner\"><div class=\"wpb_wrapper\"><div class=\"vc_empty_space\"   style=\"height: 32px\"><span class=\"vc_empty_space_inner\"><\/span><\/div>\n\t<div class=\"wpb_text_column wpb_content_element\" >\n\t\t<div class=\"wpb_wrapper\">\n\t\t\t<p>Esta Pol\u00edtica forma parte de la cultura y filosof\u00eda de la Empresa y debe ser comunicada y asumida por toda la Organizaci\u00f3n.<\/p>\n<p>La eficiencia del Sistema de Gesti\u00f3n es responsabilidad directa del Gerente. En su nombre y representaci\u00f3n, el responsable del Sistema supervisa su implantaci\u00f3n, desarrollo y mantenimiento, evaluando su adecuaci\u00f3n y aplicaci\u00f3n correcta.<\/p>\n<p>La presente Pol\u00edtica se encuentra a disposici\u00f3n de todas las partes interesadas.<\/p>\n<p><em>Fecha: 16\/05\/2024<\/em><br \/>\nFirma Gerencia: Jose Antonio Torres G\u00f3mez<\/p>\n<p>&nbsp;<\/p>\n<p><img loading=\"lazy\" decoding=\"async\" class=\"alignnone size-full wp-image-1602\" src=\"https:\/\/altosdetorona.com\/web\/wp-content\/uploads\/2020\/11\/firma-1.jpg\" alt=\"\" width=\"121\" height=\"116\" srcset=\"https:\/\/altosdetorona.com\/web\/wp-content\/uploads\/2020\/11\/firma-1.jpg 121w, https:\/\/altosdetorona.com\/web\/wp-content\/uploads\/2020\/11\/firma-1-13x12.jpg 13w\" sizes=\"auto, (max-width: 121px) 100vw, 121px\" \/><\/p>\n\n\t\t<\/div>\n\t<\/div>\n<\/div><\/div><\/div><\/div>","protected":false},"excerpt":{"rendered":"Pol\u00edtica de producci\u00f3n En BODEGAS ALTOS DE TORONA, S.A., se elabora, mezcla y embotella vinos. Durante todo el proceso, desde la recepci\u00f3n de uva, mosto o vino hasta el embotellado, al Vino se le realizan distintos controles f\u00edsicos, qu\u00edmicos y bacteriol\u00f3gicos, a fin de garantizar la seguridad, salubridad del producto, as\u00ed como la Gesti\u00f3n Medioambiental de la Bodega. Es por esto que la Gerencia de BODEGAS ALTOS DE TORONA, S.A. declara formalmente la necesidad de mantener y mejorar un Sistema de Gesti\u00f3n, basando sus principios y objetivos generales, en la Pol\u00edtica expuesta a continuaci\u00f3n: Fomentar una cultura de seguridad alimentaria en la organizaci\u00f3n y todos sus empleados lo que conllevar\u00e1 a prevenir y detectar posibles deviaciones en los procesos que afecten a la seguridad alimentaria del vino elaborado, as\u00ed como a impulsar la mejora continua. La plena satisfacci\u00f3n de las necesidades de nuestros Clientes, cumpliendo tanto sus especificaciones como las disposiciones legales o reglamentarias que puedan ser aplicables. Analizar permanentemente toda la informaci\u00f3n, tanto la propia como la recabada de nuestros clientes, partes interesadas y\/o proveedores, para detectar riesgos y oportunidades de mejora y optimizar los servicios prestados dentro de lo posible, adaptando las gamas de producto a las demandas de los clientes, sus necesidades y expectativas. Pol\u00edtica comercial enfocada al posicionamiento en el mercado y a la sostenibilidad del negocio. Mejorar de forma contin\u00faa las actividades realizadas por la empresa, en cualquier orden, directas e indirectas, y en consecuencia el Sistema de Gesti\u00f3n. Involucrar a la estructura global de la Empresa en la mejora de sus procesos, incluyendo la de sus colaboradores, permitiendo a la Empresa ser m\u00e1s eficaz y competitiva, mejorando su posicionamiento en el mercado. Adquirir un compromiso para la protecci\u00f3n del medioambiente incluida la prevenci\u00f3n y minimizaci\u00f3n de la contaminaci\u00f3n, incidiendo en reducir los impactos ambientales de los servicios realizados. Potenciar una formaci\u00f3n adecuada, sensibilizaci\u00f3n y concienciaci\u00f3n de todos los niveles de la organizaci\u00f3n, que cada trabajador sea consciente de sus responsabilidades y de la importancia de la implicaci\u00f3n en el sistema de inocuidad alimentaria de los productos elaborados y el respeto al Medio Ambiente. Proporcionar a nuestros trabajadores informaci\u00f3n sobre los aspectos ambientales de nuestras actividades as\u00ed como los medios que sean necesarios para prevenirlos o minimizarlos y los objetivos establecidos y explicar la necesidad de implicaci\u00f3n para su consecuci\u00f3n. Cumplir con los requisitos legales que la organizaci\u00f3n suscriba y que est\u00e9n relacionados con los Aspectos Medioambientales. Fomentar una pol\u00edtica de responsabilidad \u00e9tica y laboral con los trabajadores, llev\u00e1ndose a cabo una formaci\u00f3n continuada, cambio de puesto de trabajo para evitar monoton\u00eda y permitir al trabajador una comparativa de puestos y adaptabilidad a los mismos. Cumplir los requisitos definidos por la norma IFS. Esta Pol\u00edtica forma parte de la cultura y filosof\u00eda de la Empresa y debe ser comunicada y asumida por toda la Organizaci\u00f3n. La eficiencia del Sistema de Gesti\u00f3n es responsabilidad directa del Gerente. En su nombre y representaci\u00f3n, el responsable del Sistema supervisa su implantaci\u00f3n, desarrollo y mantenimiento, evaluando su adecuaci\u00f3n y aplicaci\u00f3n correcta. La presente Pol\u00edtica se encuentra a disposici\u00f3n de todas las partes interesadas. Fecha: 16\/05\/2024 Firma Gerencia: Jose Antonio Torres G\u00f3mez &nbsp;","protected":false},"author":1,"featured_media":0,"parent":0,"menu_order":0,"comment_status":"closed","ping_status":"closed","template":"","meta":{"footnotes":""},"class_list":["post-1600","page","type-page","status-publish","hentry","entry","post-inner"],"yoast_head":"<!-- This site is optimized with the Yoast SEO plugin v27.4 - https:\/\/yoast.com\/product\/yoast-seo-wordpress\/ -->\n<title>Pol\u00edtica de producci\u00f3n | Altos de Torona<\/title>\n<meta name=\"robots\" content=\"index, follow, max-snippet:-1, max-image-preview:large, max-video-preview:-1\" \/>\n<link rel=\"canonical\" href=\"https:\/\/altosdetorona.com\/en\/politica-de-produccion\/\" \/>\n<meta property=\"og:locale\" content=\"en_GB\" \/>\n<meta property=\"og:type\" content=\"article\" \/>\n<meta property=\"og:title\" content=\"Pol\u00edtica de producci\u00f3n | Altos de Torona\" \/>\n<meta property=\"og:url\" content=\"https:\/\/altosdetorona.com\/en\/politica-de-produccion\/\" \/>\n<meta property=\"og:site_name\" content=\"Altos de Torona\" \/>\n<meta property=\"article:publisher\" content=\"https:\/\/www.facebook.com\/altosdetorona\/\" \/>\n<meta property=\"article:modified_time\" content=\"2024-08-07T07:01:09+00:00\" \/>\n<meta property=\"og:image\" content=\"https:\/\/altosdetorona.com\/web\/wp-content\/uploads\/2020\/11\/firma-1.jpg\" \/>\n<meta name=\"twitter:card\" content=\"summary_large_image\" \/>\n<meta name=\"twitter:label1\" content=\"Estimated reading time\" \/>\n\t<meta name=\"twitter:data1\" content=\"3 minutes\" \/>\n<script type=\"application\/ld+json\" class=\"yoast-schema-graph\">{\"@context\":\"https:\\\/\\\/schema.org\",\"@graph\":[{\"@type\":\"WebPage\",\"@id\":\"https:\\\/\\\/altosdetorona.com\\\/en\\\/politica-de-produccion\\\/\",\"url\":\"https:\\\/\\\/altosdetorona.com\\\/en\\\/politica-de-produccion\\\/\",\"name\":\"Pol\u00edtica de producci\u00f3n | Altos de Torona\",\"isPartOf\":{\"@id\":\"https:\\\/\\\/altosdetorona.com\\\/en\\\/#website\"},\"primaryImageOfPage\":{\"@id\":\"https:\\\/\\\/altosdetorona.com\\\/en\\\/politica-de-produccion\\\/#primaryimage\"},\"image\":{\"@id\":\"https:\\\/\\\/altosdetorona.com\\\/en\\\/politica-de-produccion\\\/#primaryimage\"},\"thumbnailUrl\":\"https:\\\/\\\/altosdetorona.com\\\/web\\\/wp-content\\\/uploads\\\/2020\\\/11\\\/firma-1.jpg\",\"datePublished\":\"2020-11-12T18:23:51+00:00\",\"dateModified\":\"2024-08-07T07:01:09+00:00\",\"breadcrumb\":{\"@id\":\"https:\\\/\\\/altosdetorona.com\\\/en\\\/politica-de-produccion\\\/#breadcrumb\"},\"inLanguage\":\"en-GB\",\"potentialAction\":[{\"@type\":\"ReadAction\",\"target\":[\"https:\\\/\\\/altosdetorona.com\\\/en\\\/politica-de-produccion\\\/\"]}]},{\"@type\":\"ImageObject\",\"inLanguage\":\"en-GB\",\"@id\":\"https:\\\/\\\/altosdetorona.com\\\/en\\\/politica-de-produccion\\\/#primaryimage\",\"url\":\"https:\\\/\\\/altosdetorona.com\\\/web\\\/wp-content\\\/uploads\\\/2020\\\/11\\\/firma-1.jpg\",\"contentUrl\":\"https:\\\/\\\/altosdetorona.com\\\/web\\\/wp-content\\\/uploads\\\/2020\\\/11\\\/firma-1.jpg\"},{\"@type\":\"BreadcrumbList\",\"@id\":\"https:\\\/\\\/altosdetorona.com\\\/en\\\/politica-de-produccion\\\/#breadcrumb\",\"itemListElement\":[{\"@type\":\"ListItem\",\"position\":1,\"name\":\"Portada\",\"item\":\"https:\\\/\\\/altosdetorona.com\\\/en\\\/\"},{\"@type\":\"ListItem\",\"position\":2,\"name\":\"Pol\u00edtica de producci\u00f3n\"}]},{\"@type\":\"WebSite\",\"@id\":\"https:\\\/\\\/altosdetorona.com\\\/en\\\/#website\",\"url\":\"https:\\\/\\\/altosdetorona.com\\\/en\\\/\",\"name\":\"Altos de Torona\",\"description\":\"M\u00e1s que un vi\u00f1edo...\",\"publisher\":{\"@id\":\"https:\\\/\\\/altosdetorona.com\\\/en\\\/#organization\"},\"potentialAction\":[{\"@type\":\"SearchAction\",\"target\":{\"@type\":\"EntryPoint\",\"urlTemplate\":\"https:\\\/\\\/altosdetorona.com\\\/en\\\/?s={search_term_string}\"},\"query-input\":{\"@type\":\"PropertyValueSpecification\",\"valueRequired\":true,\"valueName\":\"search_term_string\"}}],\"inLanguage\":\"en-GB\"},{\"@type\":\"Organization\",\"@id\":\"https:\\\/\\\/altosdetorona.com\\\/en\\\/#organization\",\"name\":\"Altos de Torona\",\"url\":\"https:\\\/\\\/altosdetorona.com\\\/en\\\/\",\"logo\":{\"@type\":\"ImageObject\",\"inLanguage\":\"en-GB\",\"@id\":\"https:\\\/\\\/altosdetorona.com\\\/en\\\/#\\\/schema\\\/logo\\\/image\\\/\",\"url\":\"https:\\\/\\\/altosdetorona.com\\\/web\\\/wp-content\\\/uploads\\\/2019\\\/05\\\/Logo-Altos-De-Torona-2019@2x.png\",\"contentUrl\":\"https:\\\/\\\/altosdetorona.com\\\/web\\\/wp-content\\\/uploads\\\/2019\\\/05\\\/Logo-Altos-De-Torona-2019@2x.png\",\"width\":494,\"height\":117,\"caption\":\"Altos de Torona\"},\"image\":{\"@id\":\"https:\\\/\\\/altosdetorona.com\\\/en\\\/#\\\/schema\\\/logo\\\/image\\\/\"},\"sameAs\":[\"https:\\\/\\\/www.facebook.com\\\/altosdetorona\\\/\",\"https:\\\/\\\/www.instagram.com\\\/altostorona\\\/\"]}]}<\/script>\n<!-- \/ Yoast SEO plugin. -->","yoast_head_json":{"title":"Pol\u00edtica de producci\u00f3n | Altos de Torona","robots":{"index":"index","follow":"follow","max-snippet":"max-snippet:-1","max-image-preview":"max-image-preview:large","max-video-preview":"max-video-preview:-1"},"canonical":"https:\/\/altosdetorona.com\/en\/politica-de-produccion\/","og_locale":"en_GB","og_type":"article","og_title":"Pol\u00edtica de producci\u00f3n | Altos de Torona","og_url":"https:\/\/altosdetorona.com\/en\/politica-de-produccion\/","og_site_name":"Altos de Torona","article_publisher":"https:\/\/www.facebook.com\/altosdetorona\/","article_modified_time":"2024-08-07T07:01:09+00:00","og_image":[{"url":"https:\/\/altosdetorona.com\/web\/wp-content\/uploads\/2020\/11\/firma-1.jpg","type":"","width":"","height":""}],"twitter_card":"summary_large_image","twitter_misc":{"Estimated reading time":"3 minutes"},"schema":{"@context":"https:\/\/schema.org","@graph":[{"@type":"WebPage","@id":"https:\/\/altosdetorona.com\/en\/politica-de-produccion\/","url":"https:\/\/altosdetorona.com\/en\/politica-de-produccion\/","name":"Pol\u00edtica de producci\u00f3n | Altos de Torona","isPartOf":{"@id":"https:\/\/altosdetorona.com\/en\/#website"},"primaryImageOfPage":{"@id":"https:\/\/altosdetorona.com\/en\/politica-de-produccion\/#primaryimage"},"image":{"@id":"https:\/\/altosdetorona.com\/en\/politica-de-produccion\/#primaryimage"},"thumbnailUrl":"https:\/\/altosdetorona.com\/web\/wp-content\/uploads\/2020\/11\/firma-1.jpg","datePublished":"2020-11-12T18:23:51+00:00","dateModified":"2024-08-07T07:01:09+00:00","breadcrumb":{"@id":"https:\/\/altosdetorona.com\/en\/politica-de-produccion\/#breadcrumb"},"inLanguage":"en-GB","potentialAction":[{"@type":"ReadAction","target":["https:\/\/altosdetorona.com\/en\/politica-de-produccion\/"]}]},{"@type":"ImageObject","inLanguage":"en-GB","@id":"https:\/\/altosdetorona.com\/en\/politica-de-produccion\/#primaryimage","url":"https:\/\/altosdetorona.com\/web\/wp-content\/uploads\/2020\/11\/firma-1.jpg","contentUrl":"https:\/\/altosdetorona.com\/web\/wp-content\/uploads\/2020\/11\/firma-1.jpg"},{"@type":"BreadcrumbList","@id":"https:\/\/altosdetorona.com\/en\/politica-de-produccion\/#breadcrumb","itemListElement":[{"@type":"ListItem","position":1,"name":"Portada","item":"https:\/\/altosdetorona.com\/en\/"},{"@type":"ListItem","position":2,"name":"Pol\u00edtica de producci\u00f3n"}]},{"@type":"WebSite","@id":"https:\/\/altosdetorona.com\/en\/#website","url":"https:\/\/altosdetorona.com\/en\/","name":"Altos de Torona","description":"M\u00e1s que un vi\u00f1edo...","publisher":{"@id":"https:\/\/altosdetorona.com\/en\/#organization"},"potentialAction":[{"@type":"SearchAction","target":{"@type":"EntryPoint","urlTemplate":"https:\/\/altosdetorona.com\/en\/?s={search_term_string}"},"query-input":{"@type":"PropertyValueSpecification","valueRequired":true,"valueName":"search_term_string"}}],"inLanguage":"en-GB"},{"@type":"Organization","@id":"https:\/\/altosdetorona.com\/en\/#organization","name":"Altos de Torona","url":"https:\/\/altosdetorona.com\/en\/","logo":{"@type":"ImageObject","inLanguage":"en-GB","@id":"https:\/\/altosdetorona.com\/en\/#\/schema\/logo\/image\/","url":"https:\/\/altosdetorona.com\/web\/wp-content\/uploads\/2019\/05\/Logo-Altos-De-Torona-2019@2x.png","contentUrl":"https:\/\/altosdetorona.com\/web\/wp-content\/uploads\/2019\/05\/Logo-Altos-De-Torona-2019@2x.png","width":494,"height":117,"caption":"Altos de Torona"},"image":{"@id":"https:\/\/altosdetorona.com\/en\/#\/schema\/logo\/image\/"},"sameAs":["https:\/\/www.facebook.com\/altosdetorona\/","https:\/\/www.instagram.com\/altostorona\/"]}]}},"_links":{"self":[{"href":"https:\/\/altosdetorona.com\/en\/wp-json\/wp\/v2\/pages\/1600","targetHints":{"allow":["GET"]}}],"collection":[{"href":"https:\/\/altosdetorona.com\/en\/wp-json\/wp\/v2\/pages"}],"about":[{"href":"https:\/\/altosdetorona.com\/en\/wp-json\/wp\/v2\/types\/page"}],"author":[{"embeddable":true,"href":"https:\/\/altosdetorona.com\/en\/wp-json\/wp\/v2\/users\/1"}],"replies":[{"embeddable":true,"href":"https:\/\/altosdetorona.com\/en\/wp-json\/wp\/v2\/comments?post=1600"}],"version-history":[{"count":5,"href":"https:\/\/altosdetorona.com\/en\/wp-json\/wp\/v2\/pages\/1600\/revisions"}],"predecessor-version":[{"id":90576,"href":"https:\/\/altosdetorona.com\/en\/wp-json\/wp\/v2\/pages\/1600\/revisions\/90576"}],"wp:attachment":[{"href":"https:\/\/altosdetorona.com\/en\/wp-json\/wp\/v2\/media?parent=1600"}],"curies":[{"name":"wp","href":"https:\/\/api.w.org\/{rel}","templated":true}]}}